{"id":9,"date":"2015-10-19T13:21:53","date_gmt":"2015-10-19T13:21:53","guid":{"rendered":"http:\/\/www.brandexponents.com\/oshin-demo\/v20\/?page_id=9"},"modified":"2025-09-16T09:18:56","modified_gmt":"2025-09-16T09:18:56","slug":"uber-uns","status":"publish","type":"page","link":"https:\/\/hartje-media.com\/de\/uber-uns\/","title":{"rendered":"\u00dcber uns"},"content":{"rendered":"<div  class=\"tatsu-fx7jhpb5kf1dy8zb tatsu-section    tatsu-clearfix\" data-title=\"\"  data-headerscheme=\"background--dark\"><div class='tatsu-section-pad clearfix' data-padding='{\"d\":\"250px 0px 0px 0px\"}' data-padding-top='250px'><div class=\"tatsu-row-wrap  tatsu-wrap tatsu-row-one-col tatsu-row-has-one-cols tatsu-medium-gutter tatsu-reg-cols  tatsu-clearfix tatsu-fx7jhpb5qa2mirnp\" ><div  class=\"tatsu-row \" ><div  class=\"tatsu-column  tatsu-column-no-bg tatsu-one-col tatsu-column-image-none tatsu-column-effect-none  tatsu-fx7jhpb5xe5htdh5\"  data-parallax-speed=\"0\" style=\"\"><div class=\"tatsu-column-inner \" ><div class=\"tatsu-column-pad-wrap\"><div class=\"tatsu-column-pad\" ><div  class=\"tatsu-module tatsu-inline-text clearfix tatsu-B1k2NNFa7   \" ><style>.tatsu-B1k2NNFa7 .tatsu-inline-text-inner{width: 100%;text-align: left;}<\/style><div class=\"tatsu-inline-text-inner tatsu-align-center\">\n<h1 style=\"text-align: center;\"><span style=\"color: #ffffff;\">\u00dcber uns<\/span><\/h1>\n<\/div><\/div><\/div><\/div><div class = \"tatsu-column-bg-image-wrap\"><div class = \"tatsu-column-bg-image\" ><\/div><\/div><\/div><style>.tatsu-row > .tatsu-fx7jhpb5xe5htdh5.tatsu-column{width: 100%;}.tatsu-fx7jhpb5xe5htdh5.tatsu-column > .tatsu-column-inner > .tatsu-column-overlay{mix-blend-mode: none;}.tatsu-fx7jhpb5xe5htdh5 > .tatsu-column-inner > .tatsu-top-divider{z-index: 9999;}.tatsu-fx7jhpb5xe5htdh5 > .tatsu-column-inner > .tatsu-bottom-divider{z-index: 9999;}.tatsu-fx7jhpb5xe5htdh5 > .tatsu-column-inner > .tatsu-left-divider{z-index: 9999;}.tatsu-fx7jhpb5xe5htdh5 > .tatsu-column-inner > .tatsu-right-divider{z-index: 9999;}@media only screen and (max-width:1377px) {.tatsu-row > .tatsu-fx7jhpb5xe5htdh5.tatsu-column{width: 100%;}}@media only screen and (min-width:768px) and (max-width: 1024px) {.tatsu-row > .tatsu-fx7jhpb5xe5htdh5.tatsu-column{width: 100%;}}@media only screen and (max-width: 767px) {.tatsu-row > .tatsu-fx7jhpb5xe5htdh5.tatsu-column{width: 100%;}}<\/style><\/div><\/div><\/div><div class=\"tatsu-row-wrap  tatsu-wrap tatsu-row-one-col tatsu-row-has-one-cols tatsu-medium-gutter tatsu-reg-cols  tatsu-clearfix tatsu-SkxTy6EYp7\" ><div  class=\"tatsu-row \" ><div  class=\"tatsu-column  tatsu-column-no-bg tatsu-one-col tatsu-column-image-none tatsu-column-effect-none  tatsu-HyAk6VKTm\"  data-parallax-speed=\"0\" style=\"\"><div class=\"tatsu-column-inner \" ><div class=\"tatsu-column-pad-wrap\"><div class=\"tatsu-column-pad\" ><div  class=\"tatsu-module tatsu-inline-text clearfix tatsu-BJWgaEK6X   \" ><style>.tatsu-BJWgaEK6X .tatsu-inline-text-inner{width: 100%;text-align: left;}<\/style><div class=\"tatsu-inline-text-inner tatsu-align-center\">\n<p style=\"text-align: center;\"><span style=\"color: #ffffff;\">Wir sind erfahrene und leidenschaftliche Videoproduzenten, die sich darauf spezialisiert haben, Ihre Botschaft, Ihre Marke und Ihre Vision auf eine beeindruckende Art und Weise zum Leben zu erwecken.\u00a0<\/span><\/p>\n<\/div><\/div><\/div><\/div><div class = \"tatsu-column-bg-image-wrap\"><div class = \"tatsu-column-bg-image\" ><\/div><\/div><\/div><style>.tatsu-row > .tatsu-HyAk6VKTm.tatsu-column{width: 100%;}.tatsu-HyAk6VKTm.tatsu-column > .tatsu-column-inner > .tatsu-column-overlay{mix-blend-mode: none;}.tatsu-HyAk6VKTm > .tatsu-column-inner > .tatsu-top-divider{z-index: 9999;}.tatsu-HyAk6VKTm > .tatsu-column-inner > .tatsu-bottom-divider{z-index: 9999;}.tatsu-HyAk6VKTm > .tatsu-column-inner > .tatsu-left-divider{z-index: 9999;}.tatsu-HyAk6VKTm > .tatsu-column-inner > .tatsu-right-divider{z-index: 9999;}@media only screen and (max-width:1377px) {.tatsu-row > .tatsu-HyAk6VKTm.tatsu-column{width: 100%;}}@media only screen and (min-width:768px) and (max-width: 1024px) {.tatsu-row > .tatsu-HyAk6VKTm.tatsu-column{width: 100%;}}@media only screen and (max-width: 767px) {.tatsu-row > .tatsu-HyAk6VKTm.tatsu-column{width: 100%;}}<\/style><\/div><\/div><\/div><\/div><div class=\"tatsu-section-background-wrap\"><div class = \"tatsu-section-background\" ><\/div><\/div><style>.tatsu-fx7jhpb5kf1dy8zb.tatsu-section{background-color: rgba(39,39,39,1);}.tatsu-fx7jhpb5kf1dy8zb .tatsu-section-pad{padding: 250px 0px 0px 0px;}.tatsu-fx7jhpb5kf1dy8zb > .tatsu-bottom-divider{z-index: 9999;}.tatsu-fx7jhpb5kf1dy8zb > .tatsu-top-divider{z-index: 9999;}<\/style><\/div><div  class=\"tatsu-Sk-yEM26io tatsu-section  tatsu-bg-overlay   tatsu-clearfix\" data-title=\"\"  data-headerscheme=\"background--dark\"><div class='tatsu-section-pad clearfix' data-padding='{\"d\":\"70px 0px 0px 0px\"}' data-padding-top='70px'><div class=\"tatsu-row-wrap  tatsu-wrap tatsu-row-has-one-half tatsu-row-has-two-cols tatsu-medium-gutter tatsu-reg-cols  tatsu-clearfix tatsu-H1lJEfnTos\" ><style>.tatsu-H1lJEfnTos.tatsu-row-wrap > .tatsu-row{background-color: rgba(39,39,39,1);}<\/style><div  class=\"tatsu-row \" ><div  class=\"tatsu-column  tatsu-bg-overlay tatsu-one-half tatsu-column-image-none tatsu-column-effect-none  tatsu-BysLznpis\"  data-parallax-speed=\"0\" style=\"\"><div class=\"tatsu-column-inner \" ><div class=\"tatsu-column-pad-wrap\"><div class=\"tatsu-column-pad\" ><div  class=\"tatsu-ByDrjBtaQ team-shortcode-wrap oshine-module\"  ><div class=\"element style1-hover c_to_c style3-title\"><div class=\"element-inner\"><div class=\"flip-wrap\"><div class=\"flip-img-wrap none-effect\"><img src=\"https:\/\/hartje-media.com\/wp-content\/uploads\/2023\/01\/FelixHartje-Hartjemedia.jpg\" alt=\"Felix P. Hartje\" \/><\/div><\/div><div class=\"thumb-overlay\"><div class=\"thumb-bg\" ><div class=\"display-table\"><div class=\"display-table-cell vertical-align-middle\"><div class=\"team-wrap clearfix\" ><h6 class=\"team-title\" >Felix P. Hartje<\/h6><p class=\"designation\" >Inhaber<\/p><p class=\"team-description\" ><\/p><\/div><\/div><\/div><\/div><\/div><\/div><\/div><style>.tatsu-ByDrjBtaQ .team-title{color: rgba(255,255,255,1) ;}.tatsu-ByDrjBtaQ .team-description{color: rgba(255,255,255,1) ;}.tatsu-ByDrjBtaQ .designation{color: rgba(255,255,255,1) ;}.tatsu-ByDrjBtaQ i{color: rgba(255,255,255,1) ;}.tatsu-ByDrjBtaQ i:hover{color: rgba(255,255,255,0.5) ;}.tatsu-ByDrjBtaQ .thumb-bg{background: rgba(0,0,0,1);}<\/style><\/div><\/div><\/div><div class = \"tatsu-column-bg-image-wrap\"><div class = \"tatsu-column-bg-image\" ><\/div><\/div><div class=\"tatsu-overlay tatsu-column-overlay tatsu-animate-none\" ><\/div><\/div><style>.tatsu-row > .tatsu-BysLznpis.tatsu-column{width: 51.5%;}.tatsu-BysLznpis.tatsu-column > .tatsu-column-inner > .tatsu-column-overlay{mix-blend-mode: normal;}.tatsu-BysLznpis > .tatsu-column-inner > .tatsu-top-divider{z-index: 9999;}.tatsu-BysLznpis > .tatsu-column-inner > .tatsu-bottom-divider{z-index: 9999;}.tatsu-BysLznpis > .tatsu-column-inner > .tatsu-left-divider{z-index: 9999;}.tatsu-BysLznpis > .tatsu-column-inner > .tatsu-right-divider{z-index: 9999;}@media only screen and (max-width:1377px) {.tatsu-row > .tatsu-BysLznpis.tatsu-column{width: 50%;}}@media only screen and (min-width:768px) and (max-width: 1024px) {.tatsu-row > .tatsu-BysLznpis.tatsu-column{width: 50%;}}@media only screen and (max-width: 767px) {.tatsu-row > .tatsu-BysLznpis.tatsu-column{width: 100%;}}<\/style><\/div><div  class=\"tatsu-column  tatsu-bg-overlay tatsu-one-half tatsu-column-align-middle tatsu-column-image-none tatsu-column-effect-none  tatsu-H1ljLG3pss\"  data-parallax-speed=\"0\" style=\"\"><div class=\"tatsu-column-inner \" ><div class=\"tatsu-column-pad-wrap\"><div class=\"tatsu-column-pad\" ><div  class=\"tatsu-module tatsu-text-block-wrap tatsu-SJt1OZvso  \"><div class=\"tatsu-text-inner tatsu-align-center  clearfix\" ><style>.tatsu-SJt1OZvso.tatsu-text-block-wrap .tatsu-text-inner{width: 100%;text-align: left;}<\/style>\n<p style=\"text-align: center;\"><span style=\"color: #ffffff;\">Unser Gr\u00fcnder und Gesch\u00e4ftsf\u00fchrer, Felix P. Hartje, entdeckte schon im Alter von 14 Jahren seine Leidenschaft f\u00fcr Fotografie und Film. Nach dem Schulabschluss sammelte er wertvolle Praxiserfahrung in einem Jahrespraktikum bei einer renommierten Videoproduktionsfirma \u2013 und wagte bereits mit 18 Jahren den Schritt in die Selbstst\u00e4ndigkeit.<\/span><\/p>\n<p style=\"text-align: center;\"><span style=\"color: #ffffff;\">Seither steht Felix f\u00fcr professionelle, kreative und hochwertige Videoproduktionen, die Emotionen wecken und Geschichten lebendig werden lassen. Seit 2023 liegt sein Fokus auf Multikamera-Liveproduktionen. Ob gro\u00dfe Sportevents oder bedeutende Wirtschaftskonferenzen \u2013 Felix und sein Team haben bereits eine Vielzahl anspruchsvoller Projekte erfolgreich umgesetzt.<\/span><\/p>\n<\/div><\/div><\/div><\/div><div class = \"tatsu-column-bg-image-wrap\"><div class = \"tatsu-column-bg-image\" ><\/div><\/div><div class=\"tatsu-overlay tatsu-column-overlay tatsu-animate-none\" ><\/div><\/div><style>.tatsu-row > .tatsu-H1ljLG3pss.tatsu-column{width: 48.5%;}.tatsu-H1ljLG3pss.tatsu-column > .tatsu-column-inner > .tatsu-column-overlay{mix-blend-mode: normal;}.tatsu-H1ljLG3pss > .tatsu-column-inner > .tatsu-top-divider{z-index: 9999;}.tatsu-H1ljLG3pss > .tatsu-column-inner > .tatsu-bottom-divider{z-index: 9999;}.tatsu-H1ljLG3pss > .tatsu-column-inner > .tatsu-left-divider{z-index: 9999;}.tatsu-H1ljLG3pss > .tatsu-column-inner > .tatsu-right-divider{z-index: 9999;}@media only screen and (max-width:1377px) {.tatsu-row > .tatsu-H1ljLG3pss.tatsu-column{width: 50%;}}@media only screen and (min-width:768px) and (max-width: 1024px) {.tatsu-row > .tatsu-H1ljLG3pss.tatsu-column{width: 50%;}}@media only screen and (max-width: 767px) {.tatsu-row > .tatsu-H1ljLG3pss.tatsu-column{width: 100%;}}<\/style><\/div><\/div><\/div><\/div><div class=\"tatsu-section-background-wrap\"><div class = \"tatsu-section-background\" ><\/div><\/div><div class=\"tatsu-overlay tatsu-section-overlay\"><\/div><style>.tatsu-Sk-yEM26io.tatsu-section{background-color: rgba(39,39,39,1);}.tatsu-Sk-yEM26io .tatsu-section-pad{padding: 70px 0px 0px 0px;}.tatsu-Sk-yEM26io .tatsu-section-offset-wrap{transform: translateY(-0px);}.tatsu-Sk-yEM26io > .tatsu-bottom-divider{z-index: 9999;}.tatsu-Sk-yEM26io > .tatsu-top-divider{z-index: 9999;}.tatsu-Sk-yEM26io .tatsu-section-overlay{mix-blend-mode: normal;}<\/style><\/div><div  class=\"tatsu-BkW_thais tatsu-section  tatsu-bg-overlay   tatsu-clearfix\" data-title=\"\"  data-headerscheme=\"background--dark\"><div class='tatsu-section-pad clearfix' data-padding='{\"d\":\"0px 0px 79px 0px\"}' data-padding-top='0px'><div class=\"tatsu-row-wrap  tatsu-wrap tatsu-row-has-one-half tatsu-row-has-two-cols tatsu-medium-gutter tatsu-reg-cols tatsu-swap-cols  tatsu-clearfix tatsu-rJgWuF2pso\" ><style>@media only screen and (max-width: 767px) {.tatsu-rJgWuF2pso > .tatsu-row{margin-top: 50px;}.tatsu-rJgWuF2pso.tatsu-row-wrap > .tatsu-row{margin-bottom: 0px;}}<\/style><div  class=\"tatsu-row \" ><div  class=\"tatsu-column  tatsu-bg-overlay tatsu-one-half tatsu-column-align-middle tatsu-column-image-none tatsu-column-effect-none  tatsu-BJ-WOYhaoi\"  data-parallax-speed=\"0\" style=\"\"><div class=\"tatsu-column-inner \" ><div class=\"tatsu-column-pad-wrap\"><div class=\"tatsu-column-pad\" ><div  class=\"tatsu-module tatsu-text-block-wrap tatsu-Bk0k_ZPio  \"><div class=\"tatsu-text-inner tatsu-align-center  clearfix\" ><style>.tatsu-Bk0k_ZPio.tatsu-text-block-wrap .tatsu-text-inner{width: 100%;text-align: left;}@media only screen and (max-width: 767px) {.tatsu-Bk0k_ZPio.tatsu-text-block-wrap .tatsu-text-inner{padding: 30px 0px 0px 0px;}}<\/style>\n<p style=\"text-align: center; color: #ffffff;\">Unser erfahrener Videoproduzent Dennis Michel entdeckte bereits mit 12 Jahren seine Leidenschaft f\u00fcr das Filmemachen, als er gemeinsam mit Freunden Freizeitaktivit\u00e4ten auf Film bannte und diese selbst schnitt. Seine Faszination f\u00fcr kreatives Schaffen wurde jedoch erst so richtig entfacht, als er spontan die M\u00f6glichkeit erhielt, bei einer Hochzeit als Fotograf einzuspringen. Seitdem arbeitet Dennis leidenschaftlich daran, mit jedem Projekt neue Ma\u00dfst\u00e4be zu setzen und unsere Kunden einzigartige Erlebnisse zu bieten. Um sein Wissen und seine F\u00e4higkeiten auf diesem Gebiet weiter auszubauen, hat Dennis im Jahr 2024 sein duales Studium im Mediendesign an der renommierten Universit\u00e4t Hannover abgeschlossen.<\/p>\n<\/div><\/div><\/div><\/div><div class = \"tatsu-column-bg-image-wrap\"><div class = \"tatsu-column-bg-image\" ><\/div><\/div><div class=\"tatsu-overlay tatsu-column-overlay tatsu-animate-none\" ><\/div><\/div><style>.tatsu-row > .tatsu-BJ-WOYhaoi.tatsu-column{width: 48.5%;}.tatsu-BJ-WOYhaoi.tatsu-column > .tatsu-column-inner > .tatsu-column-overlay{mix-blend-mode: normal;}.tatsu-BJ-WOYhaoi > .tatsu-column-inner > .tatsu-top-divider{z-index: 9999;}.tatsu-BJ-WOYhaoi > .tatsu-column-inner > .tatsu-bottom-divider{z-index: 9999;}.tatsu-BJ-WOYhaoi > .tatsu-column-inner > .tatsu-left-divider{z-index: 9999;}.tatsu-BJ-WOYhaoi > .tatsu-column-inner > .tatsu-right-divider{z-index: 9999;}@media only screen and (max-width:1377px) {.tatsu-row > .tatsu-BJ-WOYhaoi.tatsu-column{width: 50%;}}@media only screen and (min-width:768px) and (max-width: 1024px) {.tatsu-row > .tatsu-BJ-WOYhaoi.tatsu-column{width: 50%;}}@media only screen and (max-width: 767px) {.tatsu-row > .tatsu-BJ-WOYhaoi.tatsu-column{width: 100%;}}<\/style><\/div><div  class=\"tatsu-column  tatsu-bg-overlay tatsu-one-half tatsu-column-align-middle tatsu-column-image-none tatsu-column-effect-none  tatsu-ByQb_Fn6os\"  data-parallax-speed=\"0\" style=\"\"><div class=\"tatsu-column-inner \" ><div class=\"tatsu-column-pad-wrap\"><div class=\"tatsu-column-pad\" ><div  class=\"tatsu-rkGbut2ass team-shortcode-wrap oshine-module\"  ><div class=\"element style1-hover c_to_c style3-title\"><div class=\"element-inner\"><div class=\"flip-wrap\"><div class=\"flip-img-wrap none-effect\"><img src=\"https:\/\/hartje-media.com\/wp-content\/uploads\/2023\/01\/HartjeMedia-Kollege-1.jpg\" alt=\"Dennis Michel\" \/><\/div><\/div><div class=\"thumb-overlay\"><div class=\"thumb-bg\" ><div class=\"display-table\"><div class=\"display-table-cell vertical-align-middle\"><div class=\"team-wrap clearfix\" ><h6 class=\"team-title\" >Dennis Michel<\/h6><p class=\"designation\" >Produktion<\/p><p class=\"team-description\" ><\/p><\/div><\/div><\/div><\/div><\/div><\/div><\/div><style>.tatsu-rkGbut2ass .team-title{color: rgba(255,255,255,1) ;}.tatsu-rkGbut2ass .team-description{color: rgba(255,255,255,1) ;}.tatsu-rkGbut2ass .designation{color: rgba(255,255,255,1) ;}.tatsu-rkGbut2ass i{color: rgba(255,255,255,1) ;}.tatsu-rkGbut2ass i:hover{color: rgba(255,255,255,0.5) ;}.tatsu-rkGbut2ass .thumb-bg{background: rgba(0,0,0,1);}<\/style><\/div><\/div><\/div><div class = \"tatsu-column-bg-image-wrap\"><div class = \"tatsu-column-bg-image\" ><\/div><\/div><div class=\"tatsu-overlay tatsu-column-overlay tatsu-animate-none\" ><\/div><\/div><style>.tatsu-row > .tatsu-ByQb_Fn6os.tatsu-column{width: 51.5%;}.tatsu-ByQb_Fn6os.tatsu-column > .tatsu-column-inner > .tatsu-column-overlay{mix-blend-mode: normal;}.tatsu-ByQb_Fn6os > .tatsu-column-inner > .tatsu-top-divider{z-index: 9999;}.tatsu-ByQb_Fn6os > .tatsu-column-inner > .tatsu-bottom-divider{z-index: 9999;}.tatsu-ByQb_Fn6os > .tatsu-column-inner > .tatsu-left-divider{z-index: 9999;}.tatsu-ByQb_Fn6os > .tatsu-column-inner > .tatsu-right-divider{z-index: 9999;}@media only screen and (max-width:1377px) {.tatsu-row > .tatsu-ByQb_Fn6os.tatsu-column{width: 50%;}}@media only screen and (min-width:768px) and (max-width: 1024px) {.tatsu-row > .tatsu-ByQb_Fn6os.tatsu-column{width: 50%;}}@media only screen and (max-width: 767px) {.tatsu-row > .tatsu-ByQb_Fn6os.tatsu-column{width: 100%;}}<\/style><\/div><\/div><\/div><\/div><div class=\"tatsu-section-background-wrap\"><div class = \"tatsu-section-background\" ><\/div><\/div><div class=\"tatsu-overlay tatsu-section-overlay\"><\/div><style>.tatsu-BkW_thais.tatsu-section{background-color: rgba(39,39,39,1);}.tatsu-BkW_thais .tatsu-section-pad{padding: 0px 0px 79px 0px;}.tatsu-BkW_thais .tatsu-section-offset-wrap{transform: translateY(-0px);}.tatsu-BkW_thais > .tatsu-bottom-divider{z-index: 9999;}.tatsu-BkW_thais > .tatsu-top-divider{z-index: 9999;}.tatsu-BkW_thais .tatsu-section-overlay{mix-blend-mode: normal;}<\/style><\/div>\n","protected":false},"excerpt":{"rendered":"<p><a href=\"https:\/\/hartje-media.com\/de\/uber-uns\/\" class=\"more-link style1-button\">Weiterlesen<\/a><\/p>","protected":false},"author":1,"featured_media":0,"parent":0,"menu_order":0,"comment_status":"closed","ping_status":"closed","template":"","meta":[],"acf":[],"yoast_head":"<!-- This site is optimized with the Yoast SEO plugin v21.1 - https:\/\/yoast.com\/wordpress\/plugins\/seo\/ -->\n<title>\u00dcber uns - Hartje Media<\/title>\n<meta name=\"description\" content=\"Videol\u00f6sungen f\u00fcr Events! LED-W\u00e4nde, Multikamera Produktion und alles was dazu geh\u00f6rt!\" \/>\n<meta name=\"robots\" content=\"index, follow, max-snippet:-1, max-image-preview:large, max-video-preview:-1\" \/>\n<link rel=\"canonical\" href=\"https:\/\/hartje-media.com\/de\/uber-uns\/\" \/>\n<meta property=\"og:locale\" content=\"de_DE\" \/>\n<meta property=\"og:type\" content=\"article\" \/>\n<meta property=\"og:title\" content=\"\u00dcber uns - Hartje Media\" \/>\n<meta property=\"og:description\" content=\"Videol\u00f6sungen f\u00fcr Events! LED-W\u00e4nde, Multikamera Produktion und alles was dazu geh\u00f6rt!\" \/>\n<meta property=\"og:url\" content=\"https:\/\/hartje-media.com\/de\/uber-uns\/\" \/>\n<meta property=\"og:site_name\" content=\"Hartje Media\" \/>\n<meta property=\"article:publisher\" content=\"https:\/\/www.facebook.com\/hartjemedia\" \/>\n<meta property=\"article:modified_time\" content=\"2025-09-16T09:18:56+00:00\" \/>\n<meta property=\"og:image\" content=\"https:\/\/hartje-media.com\/wp-content\/uploads\/2024\/04\/Fallback.png\" \/>\n\t<meta property=\"og:image:width\" content=\"1200\" \/>\n\t<meta property=\"og:image:height\" content=\"675\" \/>\n\t<meta property=\"og:image:type\" content=\"image\/png\" \/>\n<meta name=\"twitter:card\" content=\"summary_large_image\" \/>\n<meta name=\"twitter:label1\" content=\"Est. reading time\" \/>\n\t<meta name=\"twitter:data1\" content=\"16 Minuten\" \/>\n<script type=\"application\/ld+json\" class=\"yoast-schema-graph\">{\"@context\":\"https:\/\/schema.org\",\"@graph\":[{\"@type\":\"WebPage\",\"@id\":\"https:\/\/hartje-media.com\/de\/uber-uns\/\",\"url\":\"https:\/\/hartje-media.com\/de\/uber-uns\/\",\"name\":\"\u00dcber uns - Hartje Media\",\"isPartOf\":{\"@id\":\"https:\/\/hartje-media.com\/#website\"},\"datePublished\":\"2015-10-19T13:21:53+00:00\",\"dateModified\":\"2025-09-16T09:18:56+00:00\",\"description\":\"Videol\u00f6sungen f\u00fcr Events! LED-W\u00e4nde, Multikamera Produktion und alles was dazu geh\u00f6rt!\",\"breadcrumb\":{\"@id\":\"https:\/\/hartje-media.com\/de\/uber-uns\/#breadcrumb\"},\"inLanguage\":\"de-DE\",\"potentialAction\":[{\"@type\":\"ReadAction\",\"target\":[\"https:\/\/hartje-media.com\/de\/uber-uns\/\"]}]},{\"@type\":\"BreadcrumbList\",\"@id\":\"https:\/\/hartje-media.com\/de\/uber-uns\/#breadcrumb\",\"itemListElement\":[{\"@type\":\"ListItem\",\"position\":1,\"name\":\"Home\",\"item\":\"https:\/\/hartje-media.com\/de\/\"},{\"@type\":\"ListItem\",\"position\":2,\"name\":\"\u00dcber uns\"}]},{\"@type\":\"WebSite\",\"@id\":\"https:\/\/hartje-media.com\/#website\",\"url\":\"https:\/\/hartje-media.com\/\",\"name\":\"Hartje Media\",\"description\":\"Eventvideo solutions\",\"publisher\":{\"@id\":\"https:\/\/hartje-media.com\/#organization\"},\"alternateName\":\"Hartje\",\"potentialAction\":[{\"@type\":\"SearchAction\",\"target\":{\"@type\":\"EntryPoint\",\"urlTemplate\":\"https:\/\/hartje-media.com\/?s={search_term_string}\"},\"query-input\":\"required name=search_term_string\"}],\"inLanguage\":\"de-DE\"},{\"@type\":\"Organization\",\"@id\":\"https:\/\/hartje-media.com\/#organization\",\"name\":\"Hartje Media\",\"alternateName\":\"Hartje\",\"url\":\"https:\/\/hartje-media.com\/\",\"logo\":{\"@type\":\"ImageObject\",\"inLanguage\":\"de-DE\",\"@id\":\"https:\/\/hartje-media.com\/#\/schema\/logo\/image\/\",\"url\":\"https:\/\/hartje-media.com\/wp-content\/uploads\/2024\/04\/Webseite-logo-klein.png\",\"contentUrl\":\"https:\/\/hartje-media.com\/wp-content\/uploads\/2024\/04\/Webseite-logo-klein.png\",\"width\":696,\"height\":696,\"caption\":\"Hartje Media\"},\"image\":{\"@id\":\"https:\/\/hartje-media.com\/#\/schema\/logo\/image\/\"},\"sameAs\":[\"https:\/\/www.facebook.com\/hartjemedia\",\"https:\/\/www.instagram.com\/hartje_media\/\"]}]}<\/script>\n<!-- \/ Yoast SEO plugin. -->","yoast_head_json":{"title":"\u00dcber uns - Hartje Media","description":"Videol\u00f6sungen f\u00fcr Events! LED-W\u00e4nde, Multikamera Produktion und alles was dazu geh\u00f6rt!","robots":{"index":"index","follow":"follow","max-snippet":"max-snippet:-1","max-image-preview":"max-image-preview:large","max-video-preview":"max-video-preview:-1"},"canonical":"https:\/\/hartje-media.com\/de\/uber-uns\/","og_locale":"de_DE","og_type":"article","og_title":"\u00dcber uns - Hartje Media","og_description":"Videol\u00f6sungen f\u00fcr Events! LED-W\u00e4nde, Multikamera Produktion und alles was dazu geh\u00f6rt!","og_url":"https:\/\/hartje-media.com\/de\/uber-uns\/","og_site_name":"Hartje Media","article_publisher":"https:\/\/www.facebook.com\/hartjemedia","article_modified_time":"2025-09-16T09:18:56+00:00","og_image":[{"width":1200,"height":675,"url":"https:\/\/hartje-media.com\/wp-content\/uploads\/2024\/04\/Fallback.png","type":"image\/png"}],"twitter_card":"summary_large_image","twitter_misc":{"Est. reading time":"16 Minuten"},"schema":{"@context":"https:\/\/schema.org","@graph":[{"@type":"WebPage","@id":"https:\/\/hartje-media.com\/de\/uber-uns\/","url":"https:\/\/hartje-media.com\/de\/uber-uns\/","name":"\u00dcber uns - Hartje Media","isPartOf":{"@id":"https:\/\/hartje-media.com\/#website"},"datePublished":"2015-10-19T13:21:53+00:00","dateModified":"2025-09-16T09:18:56+00:00","description":"Videol\u00f6sungen f\u00fcr Events! LED-W\u00e4nde, Multikamera Produktion und alles was dazu geh\u00f6rt!","breadcrumb":{"@id":"https:\/\/hartje-media.com\/de\/uber-uns\/#breadcrumb"},"inLanguage":"de-DE","potentialAction":[{"@type":"ReadAction","target":["https:\/\/hartje-media.com\/de\/uber-uns\/"]}]},{"@type":"BreadcrumbList","@id":"https:\/\/hartje-media.com\/de\/uber-uns\/#breadcrumb","itemListElement":[{"@type":"ListItem","position":1,"name":"Home","item":"https:\/\/hartje-media.com\/de\/"},{"@type":"ListItem","position":2,"name":"\u00dcber uns"}]},{"@type":"WebSite","@id":"https:\/\/hartje-media.com\/#website","url":"https:\/\/hartje-media.com\/","name":"Hartje Media","description":"Eventvideo solutions","publisher":{"@id":"https:\/\/hartje-media.com\/#organization"},"alternateName":"Hartje","potentialAction":[{"@type":"SearchAction","target":{"@type":"EntryPoint","urlTemplate":"https:\/\/hartje-media.com\/?s={search_term_string}"},"query-input":"required name=search_term_string"}],"inLanguage":"de-DE"},{"@type":"Organization","@id":"https:\/\/hartje-media.com\/#organization","name":"Hartje Media","alternateName":"Hartje","url":"https:\/\/hartje-media.com\/","logo":{"@type":"ImageObject","inLanguage":"de-DE","@id":"https:\/\/hartje-media.com\/#\/schema\/logo\/image\/","url":"https:\/\/hartje-media.com\/wp-content\/uploads\/2024\/04\/Webseite-logo-klein.png","contentUrl":"https:\/\/hartje-media.com\/wp-content\/uploads\/2024\/04\/Webseite-logo-klein.png","width":696,"height":696,"caption":"Hartje Media"},"image":{"@id":"https:\/\/hartje-media.com\/#\/schema\/logo\/image\/"},"sameAs":["https:\/\/www.facebook.com\/hartjemedia","https:\/\/www.instagram.com\/hartje_media\/"]}]}},"_links":{"self":[{"href":"https:\/\/hartje-media.com\/de\/wp-json\/wp\/v2\/pages\/9"}],"collection":[{"href":"https:\/\/hartje-media.com\/de\/wp-json\/wp\/v2\/pages"}],"about":[{"href":"https:\/\/hartje-media.com\/de\/wp-json\/wp\/v2\/types\/page"}],"author":[{"embeddable":true,"href":"https:\/\/hartje-media.com\/de\/wp-json\/wp\/v2\/users\/1"}],"replies":[{"embeddable":true,"href":"https:\/\/hartje-media.com\/de\/wp-json\/wp\/v2\/comments?post=9"}],"version-history":[{"count":10,"href":"https:\/\/hartje-media.com\/de\/wp-json\/wp\/v2\/pages\/9\/revisions"}],"predecessor-version":[{"id":1201,"href":"https:\/\/hartje-media.com\/de\/wp-json\/wp\/v2\/pages\/9\/revisions\/1201"}],"wp:attachment":[{"href":"https:\/\/hartje-media.com\/de\/wp-json\/wp\/v2\/media?parent=9"}],"curies":[{"name":"wp","href":"https:\/\/api.w.org\/{rel}","templated":true}]}}