{"id":416,"date":"2023-01-26T19:59:23","date_gmt":"2023-01-26T19:59:23","guid":{"rendered":"https:\/\/hartje-media.com\/?page_id=416"},"modified":"2023-04-02T19:02:50","modified_gmt":"2023-04-02T19:02:50","slug":"kontakt","status":"publish","type":"page","link":"https:\/\/hartje-media.com\/de\/kontakt\/","title":{"rendered":"Kontakt"},"content":{"rendered":"<div  class=\"tatsu-rJYl08xno tatsu-section    tatsu-clearfix\" data-title=\"\"  data-headerscheme=\"background--dark\"><div class='tatsu-section-pad clearfix' data-padding='{\"d\":\"250px 0px 90px 0px\"}' data-padding-top='250px'><div class=\"tatsu-row-wrap  tatsu-wrap tatsu-row-one-col tatsu-row-has-one-cols tatsu-medium-gutter tatsu-reg-cols  tatsu-clearfix tatsu-rJeYlALxhs\" ><div  class=\"tatsu-row \" ><div  class=\"tatsu-column  tatsu-column-no-bg tatsu-one-col tatsu-column-image-none tatsu-column-effect-none  tatsu-B1WFxR8g2j\"  data-parallax-speed=\"0\" style=\"\"><div class=\"tatsu-column-inner \" ><div class=\"tatsu-column-pad-wrap\"><div class=\"tatsu-column-pad\" ><div  class=\"tatsu-module tatsu-inline-text clearfix tatsu-ryMYxA8x3j   \" ><style>.tatsu-ryMYxA8x3j .tatsu-inline-text-inner{width: 100%;text-align: left;}<\/style><div class=\"tatsu-inline-text-inner tatsu-align-center\">\n<h1 style=\"text-align: center;\"><span style=\"color: #ffffff;\">Kontakt<\/span><\/h1>\n<\/div><\/div><div  class=\"tatsu-module tatsu-inline-text clearfix tatsu-SymtgCUenj   \" ><style>.tatsu-SymtgCUenj .tatsu-inline-text-inner{width: 65%;text-align: center;}.tatsu-SymtgCUenj.tatsu-inline-text{margin: 0px 0px 40px 0px ;}@media only screen and (min-width:768px) and (max-width: 1024px) {.tatsu-SymtgCUenj .tatsu-inline-text-inner{width: 100%;}}@media only screen and (max-width: 767px) {.tatsu-SymtgCUenj .tatsu-inline-text-inner{width: 100%;}}<\/style><div class=\"tatsu-inline-text-inner tatsu-align-center\">\n<h4><span style=\"color: #ffffff;\">Wir freuen uns von Ihnen und Ihrem Projekt zu h\u00f6ren.<\/span><\/h4>\n<\/div><\/div><\/div><\/div><div class = \"tatsu-column-bg-image-wrap\"><div class = \"tatsu-column-bg-image\" ><\/div><\/div><\/div><style>.tatsu-row > .tatsu-B1WFxR8g2j.tatsu-column{width: 100%;}.tatsu-B1WFxR8g2j.tatsu-column > .tatsu-column-inner > .tatsu-column-overlay{mix-blend-mode: none;}.tatsu-B1WFxR8g2j > .tatsu-column-inner > .tatsu-top-divider{z-index: 9999;}.tatsu-B1WFxR8g2j > .tatsu-column-inner > .tatsu-bottom-divider{z-index: 9999;}.tatsu-B1WFxR8g2j > .tatsu-column-inner > .tatsu-left-divider{z-index: 9999;}.tatsu-B1WFxR8g2j > .tatsu-column-inner > .tatsu-right-divider{z-index: 9999;}@media only screen and (max-width:1377px) {.tatsu-row > .tatsu-B1WFxR8g2j.tatsu-column{width: 100%;}}@media only screen and (min-width:768px) and (max-width: 1024px) {.tatsu-row > .tatsu-B1WFxR8g2j.tatsu-column{width: 100%;}}@media only screen and (max-width: 767px) {.tatsu-row > .tatsu-B1WFxR8g2j.tatsu-column{width: 100%;}}<\/style><\/div><\/div><\/div><div class=\"tatsu-row-wrap  tatsu-wrap tatsu-row-has-one-half tatsu-row-has-two-cols tatsu-medium-gutter tatsu-eq-cols  tatsu-clearfix tatsu-HJVFgCLl2s\" ><div  class=\"tatsu-row \" ><div  class=\"tatsu-column  tatsu-one-half tatsu-column-align-middle tatsu-column-image-none tatsu-column-effect-none  tatsu-B1HYlRUlhj\"  data-parallax-speed=\"0\" style=\"\"><div class=\"tatsu-column-inner \" ><div class=\"tatsu-column-pad-wrap\"><div class=\"tatsu-column-pad\" >        <div  class = \"tatsu-wp-forms tatsu-module  tatsu-r1LFeC8g3s \" >\n            <style>.tatsu-r1LFeC8g3s.tatsu-wp-forms .wpforms-container-full .wpforms-form input:not([type=\"submit\"]), \n                            .tatsu-r1LFeC8g3s.tatsu-wp-forms .wpforms-container-full .wpforms-form textarea, \n                            .tatsu-r1LFeC8g3s.tatsu-wp-forms .wpforms-container-full .wpforms-form select{background-color: rgba(255,255,255,0);}.tatsu-r1LFeC8g3s.tatsu-wp-forms .wpforms-container-full .wpforms-form input:not([type=\"submit\"]), \n                            .tatsu-r1LFeC8g3s.tatsu-wp-forms .wpforms-container-full .wpforms-form textarea, \n                            .tatsu-r1LFeC8g3s.tatsu-wp-forms div.wpforms-container-full .wpforms-form select{color: rgba(255,255,255,1) ;}.tatsu-r1LFeC8g3s.tatsu-wp-forms .wpforms-container-full .wpforms-form .wpforms-field-label, \n                            .tatsu-r1LFeC8g3s ::-webkit-input-placeholder,\n                            .tatsu-r1LFeC8g3s.tatsu-wp-forms .wpforms-container-full .wpforms-form .wpforms-field-label-inline{color: rgba(255,255,255,1) ;}.tatsu-r1LFeC8g3s{border-width: 0px 0px 0px 0px;border-style: solid;}<\/style>            <div class = \"tatsu-wp-forms-inner tatsu-wp-form-rounded-with-underline tatsu-wp-form-submit-rounded\">\n                <div class=\"wpforms-container wpforms-container-full\" id=\"wpforms-413\"><form id=\"wpforms-form-413\" class=\"wpforms-validate wpforms-form wpforms-ajax-form\" data-formid=\"413\" method=\"post\" enctype=\"multipart\/form-data\" action=\"\/de\/wp-json\/wp\/v2\/pages\/416\" data-token=\"9ebc6375eb4ef68f44aaaaf75cd0f53a\"><noscript class=\"wpforms-error-noscript\">Bitte aktiviere JavaScript in deinem Browser, um dieses Formular fertigzustellen.<\/noscript><div class=\"wpforms-field-container\"><div id=\"wpforms-413-field_0-container\" class=\"wpforms-field wpforms-field-name\" data-field-id=\"0\"><label class=\"wpforms-field-label\" for=\"wpforms-413-field_0\">Name <span class=\"wpforms-required-label\">*<\/span><\/label><div class=\"wpforms-field-row wpforms-field-large\"><div class=\"wpforms-field-row-block wpforms-first wpforms-one-half\"><input type=\"text\" id=\"wpforms-413-field_0\" class=\"wpforms-field-name-first wpforms-field-required\" name=\"wpforms[fields][0][first]\" placeholder=\"Max\" required><label for=\"wpforms-413-field_0\" class=\"wpforms-field-sublabel after wpforms-sublabel-hide\">Vorname<\/label><\/div><div class=\"wpforms-field-row-block wpforms-one-half\"><input type=\"text\" id=\"wpforms-413-field_0-last\" class=\"wpforms-field-name-last wpforms-field-required\" name=\"wpforms[fields][0][last]\" placeholder=\"Meier\" required><label for=\"wpforms-413-field_0-last\" class=\"wpforms-field-sublabel after wpforms-sublabel-hide\">Nachname<\/label><\/div><\/div><\/div><div id=\"wpforms-413-field_5-container\" class=\"wpforms-field wpforms-field-name\" data-field-id=\"5\"><label class=\"wpforms-field-label\" for=\"wpforms-413-field_5\">Unternehmensname<\/label><input type=\"text\" id=\"wpforms-413-field_5\" class=\"wpforms-field-large\" name=\"wpforms[fields][5]\" placeholder=\"Meier Gmbh\" ><\/div><div id=\"wpforms-413-field_1-container\" class=\"wpforms-field wpforms-field-email wpforms-one-half wpforms-first\" data-field-id=\"1\"><label class=\"wpforms-field-label\" for=\"wpforms-413-field_1\">E-Mail <span class=\"wpforms-required-label\">*<\/span><\/label><input type=\"email\" id=\"wpforms-413-field_1\" class=\"wpforms-field-large wpforms-field-required\" name=\"wpforms[fields][1]\" placeholder=\"info@maxmeier.de\" spellcheck=\"false\" required><\/div><div id=\"wpforms-413-field_8-container\" class=\"wpforms-field wpforms-field-number wpforms-one-half\" data-field-id=\"8\"><label class=\"wpforms-field-label\" for=\"wpforms-413-field_8\">Telefonnummer<\/label><input type=\"number\" pattern=\"\\d*\" id=\"wpforms-413-field_8\" class=\"wpforms-field-large\" name=\"wpforms[fields][8]\" placeholder=\"017612345678\" ><\/div><div id=\"wpforms-413-field_4-container\" class=\"wpforms-field wpforms-field-select wpforms-field-select-style-modern\" data-field-id=\"4\"><label class=\"wpforms-field-label\" for=\"wpforms-413-field_4\">Betreff <span class=\"wpforms-required-label\">*<\/span><\/label><select id=\"wpforms-413-field_4\" class=\"wpforms-field-large wpforms-field-required choicesjs-select\" data-size-class=\"wpforms-field-row wpforms-field-large\" data-search-enabled=\"\" name=\"wpforms[fields][4]\" required=\"required\"><option value=\"\" class=\"placeholder\" disabled  selected='selected'>Betreff<\/option><option value=\"Multi-Kamera Live Produktion\" >Multi-Kamera Live Produktion<\/option><option value=\"LED-Wand L\u00f6sungen\" >LED-Wand L\u00f6sungen<\/option><option value=\"Hochzeitsfilme\" >Hochzeitsfilme<\/option><option value=\"Imagefilme\" >Imagefilme<\/option><option value=\"Sonstiges\" >Sonstiges<\/option><\/select><\/div><div id=\"wpforms-413-field_2-container\" class=\"wpforms-field wpforms-field-textarea textarea resize none\" data-field-id=\"2\"><label class=\"wpforms-field-label\" for=\"wpforms-413-field_2\">Nachricht <span class=\"wpforms-required-label\">*<\/span><\/label><textarea id=\"wpforms-413-field_2\" class=\"wpforms-field-medium wpforms-field-required\" name=\"wpforms[fields][2]\" placeholder=\"Bitte schildern Sie Ihr Anliegen\" required><\/textarea><\/div><\/div><!-- .wpforms-field-container --><div class=\"wpforms-submit-container\" ><input type=\"hidden\" name=\"wpforms[id]\" value=\"413\"><input type=\"hidden\" name=\"wpforms[author]\" value=\"1\"><button type=\"submit\" name=\"wpforms[submit]\" id=\"wpforms-submit-413\" class=\"wpforms-submit\" data-alt-text=\"Wird gesendet ...\" data-submit-text=\"Absenden\" aria-live=\"assertive\" value=\"wpforms-submit\">Absenden<\/button><img src=\"https:\/\/hartje-media.com\/wp-content\/plugins\/wpforms-lite\/assets\/images\/submit-spin.svg\" class=\"wpforms-submit-spinner\" style=\"display: none;\" width=\"26\" height=\"26\" alt=\"Wird geladen\"><\/div><\/form><\/div>  <!-- .wpforms-container -->            <\/div>\n        <\/div>\n<\/div><\/div><div class = \"tatsu-column-bg-image-wrap\"><div class = \"tatsu-column-bg-image\" ><\/div><\/div><\/div><style>.tatsu-row > .tatsu-B1HYlRUlhj.tatsu-column{width: 50%;}.tatsu-B1HYlRUlhj.tatsu-column > .tatsu-column-inner{background-color: rgba(0,0,0,1);}.tatsu-B1HYlRUlhj.tatsu-column > .tatsu-column-inner > .tatsu-column-pad-wrap > .tatsu-column-pad{padding: 20px 20px 30px 20px;}.tatsu-B1HYlRUlhj.tatsu-column{margin: 2px 0px 0px 0px !important;}.tatsu-B1HYlRUlhj.tatsu-column > .tatsu-column-inner > .tatsu-column-overlay{mix-blend-mode: none;}.tatsu-B1HYlRUlhj > .tatsu-column-inner > .tatsu-top-divider{z-index: 9999;}.tatsu-B1HYlRUlhj > .tatsu-column-inner > .tatsu-bottom-divider{z-index: 9999;}.tatsu-B1HYlRUlhj > .tatsu-column-inner > .tatsu-left-divider{z-index: 9999;}.tatsu-B1HYlRUlhj > .tatsu-column-inner > .tatsu-right-divider{z-index: 9999;}@media only screen and (max-width:1377px) {.tatsu-row > .tatsu-B1HYlRUlhj.tatsu-column{width: 50%;}}@media only screen and (min-width:768px) and (max-width: 1024px) {.tatsu-row > .tatsu-B1HYlRUlhj.tatsu-column{width: 50%;}}@media only screen and (max-width: 767px) {.tatsu-row > .tatsu-B1HYlRUlhj.tatsu-column{width: 100%;}}<\/style><\/div><div  class=\"tatsu-column  tatsu-bg-overlay tatsu-one-half tatsu-column-align-middle tatsu-column-image-none tatsu-column-effect-none  tatsu-HyYFlCUlhs\"  data-parallax-speed=\"0\" style=\"\"><div class=\"tatsu-column-inner \" ><div class=\"tatsu-column-pad-wrap\"><div class=\"tatsu-column-pad\" ><div  class=\"tatsu-module tatsu-inline-text clearfix tatsu-B19YxCLxno   \" ><style>.tatsu-B19YxCLxno .tatsu-inline-text-inner{width: 100%;text-align: left;}<\/style><div class=\"tatsu-inline-text-inner tatsu-align-center\">\n<h2 style=\"text-align: center;\"><span style=\"color: #ffffff;\">Wir freuen uns von Ihnen zu h&ouml;ren.<\/span><\/h2>\n<\/div><\/div><\/div><\/div><div class = \"tatsu-column-bg-image-wrap\"><div class = \"tatsu-column-bg-image\" ><\/div><\/div><div class=\"tatsu-overlay tatsu-column-overlay tatsu-animate-none\" ><\/div><\/div><style>.tatsu-row > .tatsu-HyYFlCUlhs.tatsu-column{width: 50%;}.tatsu-HyYFlCUlhs.tatsu-column > .tatsu-column-inner > .tatsu-column-bg-image-wrap > .tatsu-column-bg-image{background-image: url(https:\/\/hartje-media.com\/wp-content\/uploads\/2023\/03\/HartjeMedia-Kontakt-Bild.jpg);background-repeat: no-repeat;background-attachment: scroll;background-position: top left;background-size: cover;}.tatsu-HyYFlCUlhs.tatsu-column > .tatsu-column-inner > .tatsu-bg-blur{background-repeat: no-repeat;background-attachment: scroll;background-position: top left;background-size: cover;}.tatsu-HyYFlCUlhs.tatsu-column > .tatsu-column-inner > .tatsu-column-overlay{background: rgba(0,0,0,0.3);mix-blend-mode: normal;}.tatsu-HyYFlCUlhs > .tatsu-column-inner > .tatsu-top-divider{z-index: 9999;}.tatsu-HyYFlCUlhs > .tatsu-column-inner > .tatsu-bottom-divider{z-index: 9999;}.tatsu-HyYFlCUlhs > .tatsu-column-inner > .tatsu-left-divider{z-index: 9999;}.tatsu-HyYFlCUlhs > .tatsu-column-inner > .tatsu-right-divider{z-index: 9999;}@media only screen and (max-width:1377px) {.tatsu-row > .tatsu-HyYFlCUlhs.tatsu-column{width: 50%;}}@media only screen and (min-width:768px) and (max-width: 1024px) {.tatsu-row > .tatsu-HyYFlCUlhs.tatsu-column{width: 50%;}}@media only screen and (max-width: 767px) {.tatsu-row > .tatsu-HyYFlCUlhs.tatsu-column{width: 100%;}.tatsu-HyYFlCUlhs.tatsu-column > .tatsu-column-inner > .tatsu-column-pad-wrap > .tatsu-column-pad{padding: 100px 0px 100px 0px ;}}<\/style><\/div><\/div><\/div><\/div><div class=\"tatsu-section-background-wrap\"><div class = \"tatsu-section-background\" ><\/div><\/div><style>.tatsu-rJYl08xno.tatsu-section{background-color: rgba(39,39,39,1);}.tatsu-rJYl08xno .tatsu-section-pad{padding: 250px 0px 90px 0px;}.tatsu-rJYl08xno > .tatsu-bottom-divider{z-index: 9999;}.tatsu-rJYl08xno > .tatsu-top-divider{z-index: 9999;}<\/style><\/div>\n","protected":false},"excerpt":{"rendered":"<p><a href=\"https:\/\/hartje-media.com\/de\/kontakt\/\" class=\"more-link style1-button\">Weiterlesen<\/a><\/p>","protected":false},"author":1,"featured_media":0,"parent":0,"menu_order":0,"comment_status":"closed","ping_status":"closed","template":"","meta":[],"acf":[],"yoast_head":"<!-- This site is optimized with the Yoast SEO plugin v21.1 - https:\/\/yoast.com\/wordpress\/plugins\/seo\/ -->\n<title>Kontakt - Hartje Media<\/title>\n<meta name=\"description\" content=\"Videol\u00f6sungen f\u00fcr Events! LED-W\u00e4nde, Multikamera Produktion und alles was dazu geh\u00f6rt!\" \/>\n<meta name=\"robots\" content=\"index, follow, max-snippet:-1, max-image-preview:large, max-video-preview:-1\" \/>\n<link rel=\"canonical\" href=\"https:\/\/hartje-media.com\/de\/kontakt\/\" \/>\n<meta property=\"og:locale\" content=\"de_DE\" \/>\n<meta property=\"og:type\" content=\"article\" \/>\n<meta property=\"og:title\" content=\"Kontakt - Hartje Media\" \/>\n<meta property=\"og:description\" content=\"Videol\u00f6sungen f\u00fcr Events! LED-W\u00e4nde, Multikamera Produktion und alles was dazu geh\u00f6rt!\" \/>\n<meta property=\"og:url\" content=\"https:\/\/hartje-media.com\/de\/kontakt\/\" \/>\n<meta property=\"og:site_name\" content=\"Hartje Media\" \/>\n<meta property=\"article:publisher\" content=\"https:\/\/www.facebook.com\/hartjemedia\" \/>\n<meta property=\"article:modified_time\" content=\"2023-04-02T19:02:50+00:00\" \/>\n<meta property=\"og:image\" content=\"https:\/\/hartje-media.com\/wp-content\/uploads\/2024\/04\/Fallback.png\" \/>\n\t<meta property=\"og:image:width\" content=\"1200\" \/>\n\t<meta property=\"og:image:height\" content=\"675\" \/>\n\t<meta property=\"og:image:type\" content=\"image\/png\" \/>\n<meta name=\"twitter:card\" content=\"summary_large_image\" \/>\n<meta name=\"twitter:label1\" content=\"Est. reading time\" \/>\n\t<meta name=\"twitter:data1\" content=\"7 Minuten\" \/>\n<script type=\"application\/ld+json\" class=\"yoast-schema-graph\">{\"@context\":\"https:\/\/schema.org\",\"@graph\":[{\"@type\":\"WebPage\",\"@id\":\"https:\/\/hartje-media.com\/de\/kontakt\/\",\"url\":\"https:\/\/hartje-media.com\/de\/kontakt\/\",\"name\":\"Kontakt - Hartje Media\",\"isPartOf\":{\"@id\":\"https:\/\/hartje-media.com\/#website\"},\"datePublished\":\"2023-01-26T19:59:23+00:00\",\"dateModified\":\"2023-04-02T19:02:50+00:00\",\"description\":\"Videol\u00f6sungen f\u00fcr Events! LED-W\u00e4nde, Multikamera Produktion und alles was dazu geh\u00f6rt!\",\"breadcrumb\":{\"@id\":\"https:\/\/hartje-media.com\/de\/kontakt\/#breadcrumb\"},\"inLanguage\":\"de-DE\",\"potentialAction\":[{\"@type\":\"ReadAction\",\"target\":[\"https:\/\/hartje-media.com\/de\/kontakt\/\"]}]},{\"@type\":\"BreadcrumbList\",\"@id\":\"https:\/\/hartje-media.com\/de\/kontakt\/#breadcrumb\",\"itemListElement\":[{\"@type\":\"ListItem\",\"position\":1,\"name\":\"Home\",\"item\":\"https:\/\/hartje-media.com\/de\/\"},{\"@type\":\"ListItem\",\"position\":2,\"name\":\"Kontakt\"}]},{\"@type\":\"WebSite\",\"@id\":\"https:\/\/hartje-media.com\/#website\",\"url\":\"https:\/\/hartje-media.com\/\",\"name\":\"Hartje Media\",\"description\":\"Eventvideo solutions\",\"publisher\":{\"@id\":\"https:\/\/hartje-media.com\/#organization\"},\"alternateName\":\"Hartje\",\"potentialAction\":[{\"@type\":\"SearchAction\",\"target\":{\"@type\":\"EntryPoint\",\"urlTemplate\":\"https:\/\/hartje-media.com\/?s={search_term_string}\"},\"query-input\":\"required name=search_term_string\"}],\"inLanguage\":\"de-DE\"},{\"@type\":\"Organization\",\"@id\":\"https:\/\/hartje-media.com\/#organization\",\"name\":\"Hartje Media\",\"alternateName\":\"Hartje\",\"url\":\"https:\/\/hartje-media.com\/\",\"logo\":{\"@type\":\"ImageObject\",\"inLanguage\":\"de-DE\",\"@id\":\"https:\/\/hartje-media.com\/#\/schema\/logo\/image\/\",\"url\":\"https:\/\/hartje-media.com\/wp-content\/uploads\/2024\/04\/Webseite-logo-klein.png\",\"contentUrl\":\"https:\/\/hartje-media.com\/wp-content\/uploads\/2024\/04\/Webseite-logo-klein.png\",\"width\":696,\"height\":696,\"caption\":\"Hartje Media\"},\"image\":{\"@id\":\"https:\/\/hartje-media.com\/#\/schema\/logo\/image\/\"},\"sameAs\":[\"https:\/\/www.facebook.com\/hartjemedia\",\"https:\/\/www.instagram.com\/hartje_media\/\"]}]}<\/script>\n<!-- \/ Yoast SEO plugin. -->","yoast_head_json":{"title":"Kontakt - Hartje Media","description":"Videol\u00f6sungen f\u00fcr Events! LED-W\u00e4nde, Multikamera Produktion und alles was dazu geh\u00f6rt!","robots":{"index":"index","follow":"follow","max-snippet":"max-snippet:-1","max-image-preview":"max-image-preview:large","max-video-preview":"max-video-preview:-1"},"canonical":"https:\/\/hartje-media.com\/de\/kontakt\/","og_locale":"de_DE","og_type":"article","og_title":"Kontakt - Hartje Media","og_description":"Videol\u00f6sungen f\u00fcr Events! LED-W\u00e4nde, Multikamera Produktion und alles was dazu geh\u00f6rt!","og_url":"https:\/\/hartje-media.com\/de\/kontakt\/","og_site_name":"Hartje Media","article_publisher":"https:\/\/www.facebook.com\/hartjemedia","article_modified_time":"2023-04-02T19:02:50+00:00","og_image":[{"width":1200,"height":675,"url":"https:\/\/hartje-media.com\/wp-content\/uploads\/2024\/04\/Fallback.png","type":"image\/png"}],"twitter_card":"summary_large_image","twitter_misc":{"Est. reading time":"7 Minuten"},"schema":{"@context":"https:\/\/schema.org","@graph":[{"@type":"WebPage","@id":"https:\/\/hartje-media.com\/de\/kontakt\/","url":"https:\/\/hartje-media.com\/de\/kontakt\/","name":"Kontakt - Hartje Media","isPartOf":{"@id":"https:\/\/hartje-media.com\/#website"},"datePublished":"2023-01-26T19:59:23+00:00","dateModified":"2023-04-02T19:02:50+00:00","description":"Videol\u00f6sungen f\u00fcr Events! LED-W\u00e4nde, Multikamera Produktion und alles was dazu geh\u00f6rt!","breadcrumb":{"@id":"https:\/\/hartje-media.com\/de\/kontakt\/#breadcrumb"},"inLanguage":"de-DE","potentialAction":[{"@type":"ReadAction","target":["https:\/\/hartje-media.com\/de\/kontakt\/"]}]},{"@type":"BreadcrumbList","@id":"https:\/\/hartje-media.com\/de\/kontakt\/#breadcrumb","itemListElement":[{"@type":"ListItem","position":1,"name":"Home","item":"https:\/\/hartje-media.com\/de\/"},{"@type":"ListItem","position":2,"name":"Kontakt"}]},{"@type":"WebSite","@id":"https:\/\/hartje-media.com\/#website","url":"https:\/\/hartje-media.com\/","name":"Hartje Media","description":"Eventvideo solutions","publisher":{"@id":"https:\/\/hartje-media.com\/#organization"},"alternateName":"Hartje","potentialAction":[{"@type":"SearchAction","target":{"@type":"EntryPoint","urlTemplate":"https:\/\/hartje-media.com\/?s={search_term_string}"},"query-input":"required name=search_term_string"}],"inLanguage":"de-DE"},{"@type":"Organization","@id":"https:\/\/hartje-media.com\/#organization","name":"Hartje Media","alternateName":"Hartje","url":"https:\/\/hartje-media.com\/","logo":{"@type":"ImageObject","inLanguage":"de-DE","@id":"https:\/\/hartje-media.com\/#\/schema\/logo\/image\/","url":"https:\/\/hartje-media.com\/wp-content\/uploads\/2024\/04\/Webseite-logo-klein.png","contentUrl":"https:\/\/hartje-media.com\/wp-content\/uploads\/2024\/04\/Webseite-logo-klein.png","width":696,"height":696,"caption":"Hartje Media"},"image":{"@id":"https:\/\/hartje-media.com\/#\/schema\/logo\/image\/"},"sameAs":["https:\/\/www.facebook.com\/hartjemedia","https:\/\/www.instagram.com\/hartje_media\/"]}]}},"_links":{"self":[{"href":"https:\/\/hartje-media.com\/de\/wp-json\/wp\/v2\/pages\/416"}],"collection":[{"href":"https:\/\/hartje-media.com\/de\/wp-json\/wp\/v2\/pages"}],"about":[{"href":"https:\/\/hartje-media.com\/de\/wp-json\/wp\/v2\/types\/page"}],"author":[{"embeddable":true,"href":"https:\/\/hartje-media.com\/de\/wp-json\/wp\/v2\/users\/1"}],"replies":[{"embeddable":true,"href":"https:\/\/hartje-media.com\/de\/wp-json\/wp\/v2\/comments?post=416"}],"version-history":[{"count":10,"href":"https:\/\/hartje-media.com\/de\/wp-json\/wp\/v2\/pages\/416\/revisions"}],"predecessor-version":[{"id":642,"href":"https:\/\/hartje-media.com\/de\/wp-json\/wp\/v2\/pages\/416\/revisions\/642"}],"wp:attachment":[{"href":"https:\/\/hartje-media.com\/de\/wp-json\/wp\/v2\/media?parent=416"}],"curies":[{"name":"wp","href":"https:\/\/api.w.org\/{rel}","templated":true}]}}