{"id":382,"date":"2023-01-25T12:23:01","date_gmt":"2023-01-25T12:23:01","guid":{"rendered":"https:\/\/hartje-media.com\/?page_id=382"},"modified":"2023-04-02T18:05:46","modified_gmt":"2023-04-02T18:05:46","slug":"impressum","status":"publish","type":"page","link":"https:\/\/hartje-media.com\/de\/impressum\/","title":{"rendered":"Impressum"},"content":{"rendered":"<div  class=\"tatsu-fx7jhpb5kf1dy8zb tatsu-section    tatsu-clearfix\" data-title=\"\"  data-headerscheme=\"background--dark\"><div class='tatsu-section-pad clearfix' data-padding='{\"d\":\"250px 0px 0px 0px\"}' data-padding-top='250px'><div class=\"tatsu-row-wrap  tatsu-wrap tatsu-row-one-col tatsu-row-has-one-cols tatsu-medium-gutter tatsu-reg-cols  tatsu-clearfix tatsu-SkxTy6EYp7\" ><div  class=\"tatsu-row \" ><div  class=\"tatsu-column  tatsu-column-no-bg tatsu-one-col tatsu-column-image-none tatsu-column-effect-none  tatsu-HyAk6VKTm\"  data-parallax-speed=\"0\" style=\"\"><div class=\"tatsu-column-inner \" ><div class=\"tatsu-column-pad-wrap\"><div class=\"tatsu-column-pad\" ><div  class=\"tatsu-module tatsu-inline-text clearfix tatsu-BJWgaEK6X   \" ><style>.tatsu-BJWgaEK6X .tatsu-inline-text-inner{width: 100%;text-align: left;}<\/style><div class=\"tatsu-inline-text-inner tatsu-align-center\">\n<h1 style=\"background-color: #272727; font-family: -apple-system, 'system-ui', 'Segoe UI', Roboto, Oxygen-Sans, Ubuntu, Cantarell, 'Helvetica Neue', sans-serif; letter-spacing: normal; color: #ffffff; text-align: center;\">IMPRESSUM<\/h1>\n<p style=\"font-size: 16px; background-color: #272727; text-align: center; color: #ffffff;\">(gem. &sect; 5 Abs 1 ECG)<\/p>\n<p style=\"font-size: 16px; background-color: #272727; text-align: center; color: #ffffff;\">Verantwortlich f&uuml;r den Inhalt und dessen Richtigkeit der Website:<\/p>\n<p style=\"font-size: 16px; background-color: #272727; text-align: center; color: #ffffff;\">Hartje Media<br \/>Felix Paul Hartje<br \/><span class=\"s1\" style=\"font-size: 16px;\">Calenberger Str. 12a<br \/><\/span><span class=\"s1\" style=\"font-size: 16px;\">31171 Nordstemmen<br \/>Deutschland<\/span><\/p>\n<p style=\"font-size: 16px; background-color: #272727; text-align: center; color: #ffffff;\">Gesch&auml;ftsf&uuml;hrer: Felix Paul Hartje<\/p>\n<p style=\"font-size: 16px; background-color: #272727; text-align: center; color: #ffffff;\">Mail: info@hartje-media.com<br \/>Web: www.hartje-media.com<\/p>\n<\/div><\/div><\/div><\/div><div class = \"tatsu-column-bg-image-wrap\"><div class = \"tatsu-column-bg-image\" ><\/div><\/div><\/div><style>.tatsu-row > .tatsu-HyAk6VKTm.tatsu-column{width: 100%;}.tatsu-HyAk6VKTm.tatsu-column > .tatsu-column-inner > .tatsu-column-overlay{mix-blend-mode: none;}.tatsu-HyAk6VKTm > .tatsu-column-inner > .tatsu-top-divider{z-index: 9999;}.tatsu-HyAk6VKTm > .tatsu-column-inner > .tatsu-bottom-divider{z-index: 9999;}.tatsu-HyAk6VKTm > .tatsu-column-inner > .tatsu-left-divider{z-index: 9999;}.tatsu-HyAk6VKTm > .tatsu-column-inner > .tatsu-right-divider{z-index: 9999;}@media only screen and (max-width:1377px) {.tatsu-row > .tatsu-HyAk6VKTm.tatsu-column{width: 100%;}}@media only screen and (min-width:768px) and (max-width: 1024px) {.tatsu-row > .tatsu-HyAk6VKTm.tatsu-column{width: 100%;}}@media only screen and (max-width: 767px) {.tatsu-row > .tatsu-HyAk6VKTm.tatsu-column{width: 100%;}}<\/style><\/div><\/div><\/div><\/div><div class=\"tatsu-section-background-wrap\"><div class = \"tatsu-section-background\" ><\/div><\/div><style>.tatsu-fx7jhpb5kf1dy8zb.tatsu-section{background-color: rgba(39,39,39,1);}.tatsu-fx7jhpb5kf1dy8zb .tatsu-section-pad{padding: 250px 0px 0px 0px;}.tatsu-fx7jhpb5kf1dy8zb > .tatsu-bottom-divider{z-index: 9999;}.tatsu-fx7jhpb5kf1dy8zb > .tatsu-top-divider{z-index: 9999;}<\/style><\/div><div  class=\"tatsu-BkW_thais tatsu-section  tatsu-bg-overlay   tatsu-clearfix\" data-title=\"\"  data-headerscheme=\"background--dark\"><div class='tatsu-section-pad clearfix' data-padding='{\"d\":\"0px 0px 79px 0px\"}' data-padding-top='0px'><\/div><div class=\"tatsu-section-background-wrap\"><div class = \"tatsu-section-background\" ><\/div><\/div><div class=\"tatsu-overlay tatsu-section-overlay\"><\/div><style>.tatsu-BkW_thais.tatsu-section{background-color: rgba(39,39,39,1);}.tatsu-BkW_thais .tatsu-section-pad{padding: 0px 0px 79px 0px;}.tatsu-BkW_thais .tatsu-section-offset-wrap{transform: translateY(-0px);}.tatsu-BkW_thais > .tatsu-bottom-divider{z-index: 9999;}.tatsu-BkW_thais > .tatsu-top-divider{z-index: 9999;}.tatsu-BkW_thais .tatsu-section-overlay{mix-blend-mode: normal;}<\/style><\/div>\n","protected":false},"excerpt":{"rendered":"<p><a href=\"https:\/\/hartje-media.com\/de\/impressum\/\" class=\"more-link style1-button\">Weiterlesen<\/a><\/p>","protected":false},"author":1,"featured_media":0,"parent":0,"menu_order":0,"comment_status":"closed","ping_status":"closed","template":"","meta":[],"acf":[],"yoast_head":"<!-- This site is optimized with the Yoast SEO plugin v21.1 - https:\/\/yoast.com\/wordpress\/plugins\/seo\/ -->\n<title>Impressum - Hartje Media<\/title>\n<meta name=\"description\" content=\"Videol\u00f6sungen f\u00fcr Events! LED-W\u00e4nde, Multikamera Produktion und alles was dazu geh\u00f6rt!\" \/>\n<meta name=\"robots\" content=\"index, follow, max-snippet:-1, max-image-preview:large, max-video-preview:-1\" \/>\n<link rel=\"canonical\" href=\"https:\/\/hartje-media.com\/de\/impressum\/\" \/>\n<meta property=\"og:locale\" content=\"de_DE\" \/>\n<meta property=\"og:type\" content=\"article\" \/>\n<meta property=\"og:title\" content=\"Impressum - Hartje Media\" \/>\n<meta property=\"og:description\" content=\"Videol\u00f6sungen f\u00fcr Events! LED-W\u00e4nde, Multikamera Produktion und alles was dazu geh\u00f6rt!\" \/>\n<meta property=\"og:url\" content=\"https:\/\/hartje-media.com\/de\/impressum\/\" \/>\n<meta property=\"og:site_name\" content=\"Hartje Media\" \/>\n<meta property=\"article:publisher\" content=\"https:\/\/www.facebook.com\/hartjemedia\" \/>\n<meta property=\"article:modified_time\" content=\"2023-04-02T18:05:46+00:00\" \/>\n<meta property=\"og:image\" content=\"https:\/\/hartje-media.com\/wp-content\/uploads\/2024\/04\/Fallback.png\" \/>\n\t<meta property=\"og:image:width\" content=\"1200\" \/>\n\t<meta property=\"og:image:height\" content=\"675\" \/>\n\t<meta property=\"og:image:type\" content=\"image\/png\" \/>\n<meta name=\"twitter:card\" content=\"summary_large_image\" \/>\n<meta name=\"twitter:label1\" content=\"Est. reading time\" \/>\n\t<meta name=\"twitter:data1\" content=\"4 Minuten\" \/>\n<script type=\"application\/ld+json\" class=\"yoast-schema-graph\">{\"@context\":\"https:\/\/schema.org\",\"@graph\":[{\"@type\":\"WebPage\",\"@id\":\"https:\/\/hartje-media.com\/de\/impressum\/\",\"url\":\"https:\/\/hartje-media.com\/de\/impressum\/\",\"name\":\"Impressum - Hartje Media\",\"isPartOf\":{\"@id\":\"https:\/\/hartje-media.com\/#website\"},\"datePublished\":\"2023-01-25T12:23:01+00:00\",\"dateModified\":\"2023-04-02T18:05:46+00:00\",\"description\":\"Videol\u00f6sungen f\u00fcr Events! LED-W\u00e4nde, Multikamera Produktion und alles was dazu geh\u00f6rt!\",\"breadcrumb\":{\"@id\":\"https:\/\/hartje-media.com\/de\/impressum\/#breadcrumb\"},\"inLanguage\":\"de-DE\",\"potentialAction\":[{\"@type\":\"ReadAction\",\"target\":[\"https:\/\/hartje-media.com\/de\/impressum\/\"]}]},{\"@type\":\"BreadcrumbList\",\"@id\":\"https:\/\/hartje-media.com\/de\/impressum\/#breadcrumb\",\"itemListElement\":[{\"@type\":\"ListItem\",\"position\":1,\"name\":\"Home\",\"item\":\"https:\/\/hartje-media.com\/de\/\"},{\"@type\":\"ListItem\",\"position\":2,\"name\":\"Impressum\"}]},{\"@type\":\"WebSite\",\"@id\":\"https:\/\/hartje-media.com\/#website\",\"url\":\"https:\/\/hartje-media.com\/\",\"name\":\"Hartje Media\",\"description\":\"Eventvideo solutions\",\"publisher\":{\"@id\":\"https:\/\/hartje-media.com\/#organization\"},\"alternateName\":\"Hartje\",\"potentialAction\":[{\"@type\":\"SearchAction\",\"target\":{\"@type\":\"EntryPoint\",\"urlTemplate\":\"https:\/\/hartje-media.com\/?s={search_term_string}\"},\"query-input\":\"required name=search_term_string\"}],\"inLanguage\":\"de-DE\"},{\"@type\":\"Organization\",\"@id\":\"https:\/\/hartje-media.com\/#organization\",\"name\":\"Hartje Media\",\"alternateName\":\"Hartje\",\"url\":\"https:\/\/hartje-media.com\/\",\"logo\":{\"@type\":\"ImageObject\",\"inLanguage\":\"de-DE\",\"@id\":\"https:\/\/hartje-media.com\/#\/schema\/logo\/image\/\",\"url\":\"https:\/\/hartje-media.com\/wp-content\/uploads\/2024\/04\/Webseite-logo-klein.png\",\"contentUrl\":\"https:\/\/hartje-media.com\/wp-content\/uploads\/2024\/04\/Webseite-logo-klein.png\",\"width\":696,\"height\":696,\"caption\":\"Hartje Media\"},\"image\":{\"@id\":\"https:\/\/hartje-media.com\/#\/schema\/logo\/image\/\"},\"sameAs\":[\"https:\/\/www.facebook.com\/hartjemedia\",\"https:\/\/www.instagram.com\/hartje_media\/\"]}]}<\/script>\n<!-- \/ Yoast SEO plugin. -->","yoast_head_json":{"title":"Impressum - Hartje Media","description":"Videol\u00f6sungen f\u00fcr Events! LED-W\u00e4nde, Multikamera Produktion und alles was dazu geh\u00f6rt!","robots":{"index":"index","follow":"follow","max-snippet":"max-snippet:-1","max-image-preview":"max-image-preview:large","max-video-preview":"max-video-preview:-1"},"canonical":"https:\/\/hartje-media.com\/de\/impressum\/","og_locale":"de_DE","og_type":"article","og_title":"Impressum - Hartje Media","og_description":"Videol\u00f6sungen f\u00fcr Events! LED-W\u00e4nde, Multikamera Produktion und alles was dazu geh\u00f6rt!","og_url":"https:\/\/hartje-media.com\/de\/impressum\/","og_site_name":"Hartje Media","article_publisher":"https:\/\/www.facebook.com\/hartjemedia","article_modified_time":"2023-04-02T18:05:46+00:00","og_image":[{"width":1200,"height":675,"url":"https:\/\/hartje-media.com\/wp-content\/uploads\/2024\/04\/Fallback.png","type":"image\/png"}],"twitter_card":"summary_large_image","twitter_misc":{"Est. reading time":"4 Minuten"},"schema":{"@context":"https:\/\/schema.org","@graph":[{"@type":"WebPage","@id":"https:\/\/hartje-media.com\/de\/impressum\/","url":"https:\/\/hartje-media.com\/de\/impressum\/","name":"Impressum - Hartje Media","isPartOf":{"@id":"https:\/\/hartje-media.com\/#website"},"datePublished":"2023-01-25T12:23:01+00:00","dateModified":"2023-04-02T18:05:46+00:00","description":"Videol\u00f6sungen f\u00fcr Events! LED-W\u00e4nde, Multikamera Produktion und alles was dazu geh\u00f6rt!","breadcrumb":{"@id":"https:\/\/hartje-media.com\/de\/impressum\/#breadcrumb"},"inLanguage":"de-DE","potentialAction":[{"@type":"ReadAction","target":["https:\/\/hartje-media.com\/de\/impressum\/"]}]},{"@type":"BreadcrumbList","@id":"https:\/\/hartje-media.com\/de\/impressum\/#breadcrumb","itemListElement":[{"@type":"ListItem","position":1,"name":"Home","item":"https:\/\/hartje-media.com\/de\/"},{"@type":"ListItem","position":2,"name":"Impressum"}]},{"@type":"WebSite","@id":"https:\/\/hartje-media.com\/#website","url":"https:\/\/hartje-media.com\/","name":"Hartje Media","description":"Eventvideo solutions","publisher":{"@id":"https:\/\/hartje-media.com\/#organization"},"alternateName":"Hartje","potentialAction":[{"@type":"SearchAction","target":{"@type":"EntryPoint","urlTemplate":"https:\/\/hartje-media.com\/?s={search_term_string}"},"query-input":"required name=search_term_string"}],"inLanguage":"de-DE"},{"@type":"Organization","@id":"https:\/\/hartje-media.com\/#organization","name":"Hartje Media","alternateName":"Hartje","url":"https:\/\/hartje-media.com\/","logo":{"@type":"ImageObject","inLanguage":"de-DE","@id":"https:\/\/hartje-media.com\/#\/schema\/logo\/image\/","url":"https:\/\/hartje-media.com\/wp-content\/uploads\/2024\/04\/Webseite-logo-klein.png","contentUrl":"https:\/\/hartje-media.com\/wp-content\/uploads\/2024\/04\/Webseite-logo-klein.png","width":696,"height":696,"caption":"Hartje Media"},"image":{"@id":"https:\/\/hartje-media.com\/#\/schema\/logo\/image\/"},"sameAs":["https:\/\/www.facebook.com\/hartjemedia","https:\/\/www.instagram.com\/hartje_media\/"]}]}},"_links":{"self":[{"href":"https:\/\/hartje-media.com\/de\/wp-json\/wp\/v2\/pages\/382"}],"collection":[{"href":"https:\/\/hartje-media.com\/de\/wp-json\/wp\/v2\/pages"}],"about":[{"href":"https:\/\/hartje-media.com\/de\/wp-json\/wp\/v2\/types\/page"}],"author":[{"embeddable":true,"href":"https:\/\/hartje-media.com\/de\/wp-json\/wp\/v2\/users\/1"}],"replies":[{"embeddable":true,"href":"https:\/\/hartje-media.com\/de\/wp-json\/wp\/v2\/comments?post=382"}],"version-history":[{"count":5,"href":"https:\/\/hartje-media.com\/de\/wp-json\/wp\/v2\/pages\/382\/revisions"}],"predecessor-version":[{"id":632,"href":"https:\/\/hartje-media.com\/de\/wp-json\/wp\/v2\/pages\/382\/revisions\/632"}],"wp:attachment":[{"href":"https:\/\/hartje-media.com\/de\/wp-json\/wp\/v2\/media?parent=382"}],"curies":[{"name":"wp","href":"https:\/\/api.w.org\/{rel}","templated":true}]}}