{"id":376,"date":"2023-01-25T10:42:06","date_gmt":"2023-01-25T10:42:06","guid":{"rendered":"https:\/\/hartje-media.com\/?page_id=376"},"modified":"2023-04-02T18:07:14","modified_gmt":"2023-04-02T18:07:14","slug":"datenschutz","status":"publish","type":"page","link":"https:\/\/hartje-media.com\/de\/datenschutz\/","title":{"rendered":"Datenschutzerkl\u00e4rung"},"content":{"rendered":"<div  class=\"tatsu-fx7jhpb5kf1dy8zb tatsu-section    tatsu-clearfix\" data-title=\"\"  data-headerscheme=\"background--dark\"><div class='tatsu-section-pad clearfix' data-padding='{\"d\":\"250px 0px 0px 0px\"}' data-padding-top='250px'><div class=\"tatsu-row-wrap  tatsu-wrap tatsu-row-one-col tatsu-row-has-one-cols tatsu-medium-gutter tatsu-reg-cols  tatsu-clearfix tatsu-fx7jhpb5qa2mirnp\" ><div  class=\"tatsu-row \" ><div  class=\"tatsu-column  tatsu-column-no-bg tatsu-one-col tatsu-column-image-none tatsu-column-effect-none  tatsu-fx7jhpb5xe5htdh5\"  data-parallax-speed=\"0\" style=\"\"><div class=\"tatsu-column-inner \" ><div class=\"tatsu-column-pad-wrap\"><div class=\"tatsu-column-pad\" ><div  class=\"tatsu-module tatsu-inline-text clearfix tatsu-B1k2NNFa7   \" ><style>.tatsu-B1k2NNFa7 .tatsu-inline-text-inner{width: 100%;text-align: left;}<\/style><div class=\"tatsu-inline-text-inner tatsu-align-center\">\n<h1 style=\"text-align: center;\"><span style=\"color: #ffffff;\">Datenschutzerkl\u00e4rung<\/span><\/h1>\n<\/div><\/div><\/div><\/div><div class = \"tatsu-column-bg-image-wrap\"><div class = \"tatsu-column-bg-image\" ><\/div><\/div><\/div><style>.tatsu-row > .tatsu-fx7jhpb5xe5htdh5.tatsu-column{width: 100%;}.tatsu-fx7jhpb5xe5htdh5.tatsu-column > .tatsu-column-inner > .tatsu-column-overlay{mix-blend-mode: none;}.tatsu-fx7jhpb5xe5htdh5 > .tatsu-column-inner > .tatsu-top-divider{z-index: 9999;}.tatsu-fx7jhpb5xe5htdh5 > .tatsu-column-inner > .tatsu-bottom-divider{z-index: 9999;}.tatsu-fx7jhpb5xe5htdh5 > .tatsu-column-inner > .tatsu-left-divider{z-index: 9999;}.tatsu-fx7jhpb5xe5htdh5 > .tatsu-column-inner > .tatsu-right-divider{z-index: 9999;}@media only screen and (max-width:1377px) {.tatsu-row > .tatsu-fx7jhpb5xe5htdh5.tatsu-column{width: 100%;}}@media only screen and (min-width:768px) and (max-width: 1024px) {.tatsu-row > .tatsu-fx7jhpb5xe5htdh5.tatsu-column{width: 100%;}}@media only screen and (max-width: 767px) {.tatsu-row > .tatsu-fx7jhpb5xe5htdh5.tatsu-column{width: 100%;}}<\/style><\/div><\/div><\/div><div class=\"tatsu-row-wrap  tatsu-wrap tatsu-row-one-col tatsu-row-has-one-cols tatsu-medium-gutter tatsu-reg-cols  tatsu-clearfix tatsu-SkxTy6EYp7\" ><div  class=\"tatsu-row \" ><div  class=\"tatsu-column  tatsu-column-no-bg tatsu-one-col tatsu-column-image-none tatsu-column-effect-none  tatsu-HyAk6VKTm\"  data-parallax-speed=\"0\" style=\"\"><div class=\"tatsu-column-inner \" ><div class=\"tatsu-column-pad-wrap\"><div class=\"tatsu-column-pad\" ><div  class=\"tatsu-module tatsu-inline-text clearfix tatsu-BJWgaEK6X   \" ><style>.tatsu-BJWgaEK6X .tatsu-inline-text-inner{width: 100%;text-align: left;}<\/style><div class=\"tatsu-inline-text-inner tatsu-align-center\">\n<p><span style=\"color: #ffffff;\">Im Rahmen der Nutzung unserer Webseite werden Ihre personenbezogenen Daten (nachfolgend nur &bdquo;Daten&ldquo;) verarbeitet. Zu den Daten k&ouml;nnen beispielsweise Ihr Name, Ihre Adresse, E-Mail-Adresse, sowie weitere Angaben zu Ihrer Person z&auml;hlen. Eine Verarbeitung stellt hierbei im Grunde jeder Art und Weise des Umgangs mit diesen Daten dar. <\/span><\/p>\n<p><span style=\"color: #ffffff;\">Im Folgenden erhalten Sie daher Information zur Verarbeitung Ihrer Daten im Rahmen der Nutzung von https:\/\/hartje-media.com auf Grundlage der Bestimmungen der Datenschutz-Grundverordnung (DS-GVO) sowie der geltenden Bundes- und Landesdatenschutzgesetze. <\/span><\/p>\n<p><strong><span style=\"color: #ffffff;\">Zwecke und Rechtsgrundlagen unserer Datenverarbeitung <\/span><\/strong><\/p>\n<p><span style=\"color: #ffffff;\"><strong>1. Kontaktformular<\/strong> <\/span><\/p>\n<p><span style=\"color: #ffffff;\">Die Website stellt zur Kontaktaufnahme ein Kontaktformular zur Verf&uuml;gung. Die hierbei eingegebenen Daten werden, insofern es sich um personenbezogene Daten handelt, auf dem Server des Hostinganbieters gespeichert und sodann via E-Mail an das hierf&uuml;r vorgesehene Empfangspostfach weitergeleitet. Die Weiterleitung erfolgt hierbei ausschlie&szlig;lich serverintern, so dass eine Gef&auml;hrdung der Vertraulichkeit der Daten effektiv ausgeschlossen ist. Die Rechtsgrundlage f&uuml;r die Verarbeitung stellt Art. 6 Abs. 1 S. 1 b) DSGVO dar. Abweichend hierf&uuml;r ist die Rechtsgrundlage f&uuml;r die Erhebung des Namens Art. 6 Abs. 1 S. 1 f) DSGVO. Das berechtigte Interesse hierf&uuml;r ist eine pers&ouml;nlichere Ansprache des Anfragestellers. <\/span><\/p>\n<p><span style=\"color: #ffffff;\"><strong>2. E-Mail-Kontakt<\/strong> <\/span><\/p>\n<p><span style=\"color: #ffffff;\">An verschiedenen Stellen der Website ist eine Kontaktaufnahme &uuml;ber die bereitgestellte E-Mail-Adresse m&ouml;glich. Es findet hierbei eine Speicherung der &uuml;bermittelten personenbezogenen Daten, insbesondere der E-Mail-Adresse selbst, statt. Eine Weitergabe dieser Daten an Dritte erfolgt nicht. Die Daten werden ausschlie&szlig;lich f&uuml;r die Verarbeitung der Anfrage verwendet. Rechtsgrundlage f&uuml;r die Verarbeitung der Daten ist Art. 6 Absatz 1 Satz 1 f DSGVO. Das berechtigte Interesse an der Verarbeitung der Daten liegt in der Durchf&uuml;hrung des Kontaktes. Eine L&ouml;schung der Daten erfolgt nach Wegfall des Zweckes oder Beendigung der Kommunikation. Erfolgt im Zuge der Kommunikation ein Angebotsprozess, werden die verarbeiteten Daten nach Ablauf der hierf&uuml;r vorgesehenen Aufbewahrungsfristen gel&ouml;scht. <\/span><\/p>\n<p><span style=\"color: #ffffff;\"><strong>3. Kontakt Stellenausschreibung<\/strong> <\/span><\/p>\n<p><span style=\"color: #ffffff;\">Die Webseite stellt zur Kontaktaufnahme f&uuml;r Bewerbungen, eine E-Mail-Adresse zu Verf&uuml;gung. Es findet hierbei eine Speicherung der &uuml;bermittelten personenbezogenen Daten und mitgesendeten Dokumente statt. Eine Weitergabe dieser Daten an Dritte erfolgt nicht Die Rechtsgrundlage f&uuml;r die Verarbeitung stellt Art. 6 Abs. 1 S. 1 b) DSGVO dar, da dies zwingend notwendige Informationen zur Bearbeitung Ihrer Bewerbung sind. Sollte sich aus Ihrer Bewerbung kein Vertragsverh&auml;ltnis ergeben, werden Ihre erhobenen Daten aufgrund des Wegfalls des Verarbeitungszwecks gel&ouml;scht. <\/span><\/p>\n<p><span style=\"color: #ffffff;\"><strong>Verwendung von Cookies<\/strong> <\/span><\/p>\n<p><span style=\"color: #ffffff;\">Die Webseite verwendet Cookies. Cookies sind kleine Textdateien, die &uuml;ber den Browser auf Ihrem Endger&auml;t gespeichert werden und ein Wiederkennen bei einem nachfolgenden Besuch erm&ouml;glichen. Dies geschieht mittels einer Cookie-ID, einer eindeutig identifizierbaren Nummer, die viele Cookies verwenden. Durch den Einsatz der Cookies wird eine nutzerfreundlichere Nutzung unserer Internetseite erm&ouml;glicht. Zu Beginn des Besuchs dieser Website werden Sie gefragt, ob Sie der Verwendung von Cookies zustimmen. Sie k&ouml;nnen Ihren Browser so einstellen, dass Sie &uuml;ber das Setzen von Cookies informiert werden und Cookies nur im Einzelfall erlauben. Oder Sie schlie&szlig;en Cookies f&uuml;r bestimmte F&auml;lle oder generell aus. Weiterhin k&ouml;nnen Sie das automatische L&ouml;schen der Cookies beim Schlie&szlig;en des Browsers aktivieren. Sollten Sie der Verwendung von Cookies nicht zustimmen oder diese in Ihrem Browser deaktiviert haben, kann die Funktionalit&auml;t der Website jedoch eingeschr&auml;nkt sein. Verschiedene Plug-Ins dieser Seite verwenden Cookies. Wie Sie die einzelnen Plug-Ins an der Verwendung von Cookies hindern, ist in den jeweiligen Plug-In Beschreibungen in dieser Erkl&auml;rung zu entnehmen. <\/span><\/p>\n<p><strong><span style=\"color: #ffffff;\">Datensicherheit <\/span><\/strong><\/p>\n<p><span style=\"color: #ffffff;\">S&auml;mtliche bei uns oder etwaigen Auftragsverarbeitern gespeicherten Daten werden unter Anwendung aktueller Sicherheitsstandards gegen unbefugten Zugriff, Verlust und Ver&auml;nderung gesch&uuml;tzt. Hierzu werden umfangreiche technische und organisatorische Sicherheitsvorkehrungen mit einem Standard angewendet, der mindestens den gesetzlichen Vorgaben entspricht. Ihre Rechte und Beschwerdem&ouml;glichkeiten:<\/span><\/p>\n<p><span style=\"color: #ffffff;\">1. Sie haben gegen&uuml;ber uns folgende Rechte hinsichtlich der Sie betreffenden Daten: <\/span><\/p>\n<p><span style=\"color: #ffffff;\">&#8211; Recht auf Auskunft: Sie haben das Recht, eine Auskunft von dem f&uuml;r die Verarbeitung Verantwortlichen &uuml;ber Ihre gespeicherten personenbezogenen Daten zu erhalten. Diese Auskunft k&ouml;nnen Sie jederzeit und unentgeltlich geltend machen. <\/span><\/p>\n<p><span style=\"color: #ffffff;\">&#8211; Recht auf Berichtigung oder L&ouml;schung: Sie haben das Recht, eine unverz&uuml;gliche Richtigstellung oder Vervollst&auml;ndigung, Sie betreffender personenbezogener Daten von dem Verantwortlichen zu verlangen. Weiterhin haben Sie unter Umst&auml;nden das Recht, die L&ouml;schung Ihrer personenbezogenen Daten von dem f&uuml;r die Verarbeitung Verantwortlichen zu verlangen. <\/span><\/p>\n<p><span style=\"color: #ffffff;\">&#8211; Recht auf Einschr&auml;nkung der Verarbeitung: Sie haben unter Umst&auml;nden das Recht, die Einschr&auml;nkung der Verarbeitung Ihrer personenbezogenen Daten durch den Verantwortlichen zu verlangen. <\/span><\/p>\n<p><span style=\"color: #ffffff;\">&#8211; Recht auf Widerruf Ihrer Einwilligung: Sie k&ouml;nnen von Ihnen erteilte Einwilligungen, zur Verarbeitung Ihrer personenbezogenen Daten durch den Verantwortlichen, jederzeit widerrufen. <\/span><\/p>\n<p><span style=\"color: #ffffff;\">&#8211; Recht auf Widerspruch gegen die Verarbeitung: Sie k&ouml;nnen der Verarbeitung Ihrer personenbezogenen Daten, aus Gr&uuml;nden, die sich aus Ihrer besonderen Situation ergeben, jederzeit widersprechen. Ihre Daten werden dann nicht mehr verarbeitet.<\/span><\/p>\n<p><span style=\"color: #ffffff;\">&#8211; Recht auf Daten&uuml;bertragbarkeit: Sie haben das Recht, bereitgestellte personenbezogene Daten, in einem strukturierten, g&auml;ngigen und maschinenlesbaren Format zu erhalten. Weiterhin k&ouml;nnen Sie die &Uuml;bermittlung Ihrer personenbezogenen Daten an einen anderen Verantwortlichen verlangen. Sie k&ouml;nnen s&auml;mtliche dieser Rechte geltend machen, indem Sie sich unter info@hartje-media.com wenden. <\/span><\/p>\n<p><span style=\"color: #ffffff;\">2. Sie haben zudem das Recht, sich bei einer Datenschutz-Aufsichtsbeh&ouml;rde &uuml;ber die Verarbeitung Ihrer personenbezogenen Daten durch uns zu beschweren. Verantwortlich f&uuml;r die Datenverarbeitung im Sinne des Datenschutzrechts ist: <\/span><\/p>\n<p><span style=\"color: #ffffff;\">Felix Paul Hartje<br \/><\/span><span style=\"color: #ffffff;\">Calenberger Stra&szlig;e 12a<br \/><\/span><span style=\"color: #ffffff;\">31171 Nordstemmen<br \/><\/span><span style=\"color: #ffffff;\">E-Mail: info@hartje-media.de<\/span><\/p>\n<\/div><\/div><\/div><\/div><div class = \"tatsu-column-bg-image-wrap\"><div class = \"tatsu-column-bg-image\" ><\/div><\/div><\/div><style>.tatsu-row > .tatsu-HyAk6VKTm.tatsu-column{width: 100%;}.tatsu-HyAk6VKTm.tatsu-column > .tatsu-column-inner > .tatsu-column-overlay{mix-blend-mode: none;}.tatsu-HyAk6VKTm > .tatsu-column-inner > .tatsu-top-divider{z-index: 9999;}.tatsu-HyAk6VKTm > .tatsu-column-inner > .tatsu-bottom-divider{z-index: 9999;}.tatsu-HyAk6VKTm > .tatsu-column-inner > .tatsu-left-divider{z-index: 9999;}.tatsu-HyAk6VKTm > .tatsu-column-inner > .tatsu-right-divider{z-index: 9999;}@media only screen and (max-width:1377px) {.tatsu-row > .tatsu-HyAk6VKTm.tatsu-column{width: 100%;}}@media only screen and (min-width:768px) and (max-width: 1024px) {.tatsu-row > .tatsu-HyAk6VKTm.tatsu-column{width: 100%;}}@media only screen and (max-width: 767px) {.tatsu-row > .tatsu-HyAk6VKTm.tatsu-column{width: 100%;}}<\/style><\/div><\/div><\/div><\/div><div class=\"tatsu-section-background-wrap\"><div class = \"tatsu-section-background\" ><\/div><\/div><style>.tatsu-fx7jhpb5kf1dy8zb.tatsu-section{background-color: rgba(39,39,39,1);}.tatsu-fx7jhpb5kf1dy8zb .tatsu-section-pad{padding: 250px 0px 0px 0px;}.tatsu-fx7jhpb5kf1dy8zb > .tatsu-bottom-divider{z-index: 9999;}.tatsu-fx7jhpb5kf1dy8zb > .tatsu-top-divider{z-index: 9999;}<\/style><\/div><div  class=\"tatsu-BkW_thais tatsu-section  tatsu-bg-overlay   tatsu-clearfix\" data-title=\"\"  data-headerscheme=\"background--dark\"><div class='tatsu-section-pad clearfix' data-padding='{\"d\":\"0px 0px 79px 0px\"}' data-padding-top='0px'><\/div><div class=\"tatsu-section-background-wrap\"><div class = \"tatsu-section-background\" ><\/div><\/div><div class=\"tatsu-overlay tatsu-section-overlay\"><\/div><style>.tatsu-BkW_thais.tatsu-section{background-color: rgba(39,39,39,1);}.tatsu-BkW_thais .tatsu-section-pad{padding: 0px 0px 79px 0px;}.tatsu-BkW_thais .tatsu-section-offset-wrap{transform: translateY(-0px);}.tatsu-BkW_thais > .tatsu-bottom-divider{z-index: 9999;}.tatsu-BkW_thais > .tatsu-top-divider{z-index: 9999;}.tatsu-BkW_thais .tatsu-section-overlay{mix-blend-mode: normal;}<\/style><\/div>\n","protected":false},"excerpt":{"rendered":"<p><a href=\"https:\/\/hartje-media.com\/de\/datenschutz\/\" class=\"more-link style1-button\">Weiterlesen<\/a><\/p>","protected":false},"author":1,"featured_media":0,"parent":0,"menu_order":0,"comment_status":"closed","ping_status":"closed","template":"","meta":[],"acf":[],"yoast_head":"<!-- This site is optimized with the Yoast SEO plugin v21.1 - https:\/\/yoast.com\/wordpress\/plugins\/seo\/ -->\n<title>Datenschutzerkl\u00e4rung - Hartje Media<\/title>\n<meta name=\"description\" content=\"Videol\u00f6sungen f\u00fcr Events! LED-W\u00e4nde, Multikamera Produktion und alles was dazu geh\u00f6rt!\" \/>\n<meta name=\"robots\" content=\"index, follow, max-snippet:-1, max-image-preview:large, max-video-preview:-1\" \/>\n<link rel=\"canonical\" href=\"https:\/\/hartje-media.com\/de\/datenschutz\/\" \/>\n<meta property=\"og:locale\" content=\"de_DE\" \/>\n<meta property=\"og:type\" content=\"article\" \/>\n<meta property=\"og:title\" content=\"Datenschutzerkl\u00e4rung - Hartje Media\" \/>\n<meta property=\"og:description\" content=\"Videol\u00f6sungen f\u00fcr Events! LED-W\u00e4nde, Multikamera Produktion und alles was dazu geh\u00f6rt!\" \/>\n<meta property=\"og:url\" content=\"https:\/\/hartje-media.com\/de\/datenschutz\/\" \/>\n<meta property=\"og:site_name\" content=\"Hartje Media\" \/>\n<meta property=\"article:publisher\" content=\"https:\/\/www.facebook.com\/hartjemedia\" \/>\n<meta property=\"article:modified_time\" content=\"2023-04-02T18:07:14+00:00\" \/>\n<meta property=\"og:image\" content=\"https:\/\/hartje-media.com\/wp-content\/uploads\/2024\/04\/Fallback.png\" \/>\n\t<meta property=\"og:image:width\" content=\"1200\" \/>\n\t<meta property=\"og:image:height\" content=\"675\" \/>\n\t<meta property=\"og:image:type\" content=\"image\/png\" \/>\n<meta name=\"twitter:card\" content=\"summary_large_image\" \/>\n<meta name=\"twitter:label1\" content=\"Est. reading time\" \/>\n\t<meta name=\"twitter:data1\" content=\"11 Minuten\" \/>\n<script type=\"application\/ld+json\" class=\"yoast-schema-graph\">{\"@context\":\"https:\/\/schema.org\",\"@graph\":[{\"@type\":\"WebPage\",\"@id\":\"https:\/\/hartje-media.com\/de\/datenschutz\/\",\"url\":\"https:\/\/hartje-media.com\/de\/datenschutz\/\",\"name\":\"Datenschutzerkl\u00e4rung - Hartje Media\",\"isPartOf\":{\"@id\":\"https:\/\/hartje-media.com\/#website\"},\"datePublished\":\"2023-01-25T10:42:06+00:00\",\"dateModified\":\"2023-04-02T18:07:14+00:00\",\"description\":\"Videol\u00f6sungen f\u00fcr Events! LED-W\u00e4nde, Multikamera Produktion und alles was dazu geh\u00f6rt!\",\"breadcrumb\":{\"@id\":\"https:\/\/hartje-media.com\/de\/datenschutz\/#breadcrumb\"},\"inLanguage\":\"de-DE\",\"potentialAction\":[{\"@type\":\"ReadAction\",\"target\":[\"https:\/\/hartje-media.com\/de\/datenschutz\/\"]}]},{\"@type\":\"BreadcrumbList\",\"@id\":\"https:\/\/hartje-media.com\/de\/datenschutz\/#breadcrumb\",\"itemListElement\":[{\"@type\":\"ListItem\",\"position\":1,\"name\":\"Home\",\"item\":\"https:\/\/hartje-media.com\/de\/\"},{\"@type\":\"ListItem\",\"position\":2,\"name\":\"Datenschutzerkl\u00e4rung\"}]},{\"@type\":\"WebSite\",\"@id\":\"https:\/\/hartje-media.com\/#website\",\"url\":\"https:\/\/hartje-media.com\/\",\"name\":\"Hartje Media\",\"description\":\"Eventvideo solutions\",\"publisher\":{\"@id\":\"https:\/\/hartje-media.com\/#organization\"},\"alternateName\":\"Hartje\",\"potentialAction\":[{\"@type\":\"SearchAction\",\"target\":{\"@type\":\"EntryPoint\",\"urlTemplate\":\"https:\/\/hartje-media.com\/?s={search_term_string}\"},\"query-input\":\"required name=search_term_string\"}],\"inLanguage\":\"de-DE\"},{\"@type\":\"Organization\",\"@id\":\"https:\/\/hartje-media.com\/#organization\",\"name\":\"Hartje Media\",\"alternateName\":\"Hartje\",\"url\":\"https:\/\/hartje-media.com\/\",\"logo\":{\"@type\":\"ImageObject\",\"inLanguage\":\"de-DE\",\"@id\":\"https:\/\/hartje-media.com\/#\/schema\/logo\/image\/\",\"url\":\"https:\/\/hartje-media.com\/wp-content\/uploads\/2024\/04\/Webseite-logo-klein.png\",\"contentUrl\":\"https:\/\/hartje-media.com\/wp-content\/uploads\/2024\/04\/Webseite-logo-klein.png\",\"width\":696,\"height\":696,\"caption\":\"Hartje Media\"},\"image\":{\"@id\":\"https:\/\/hartje-media.com\/#\/schema\/logo\/image\/\"},\"sameAs\":[\"https:\/\/www.facebook.com\/hartjemedia\",\"https:\/\/www.instagram.com\/hartje_media\/\"]}]}<\/script>\n<!-- \/ Yoast SEO plugin. -->","yoast_head_json":{"title":"Datenschutzerkl\u00e4rung - Hartje Media","description":"Videol\u00f6sungen f\u00fcr Events! LED-W\u00e4nde, Multikamera Produktion und alles was dazu geh\u00f6rt!","robots":{"index":"index","follow":"follow","max-snippet":"max-snippet:-1","max-image-preview":"max-image-preview:large","max-video-preview":"max-video-preview:-1"},"canonical":"https:\/\/hartje-media.com\/de\/datenschutz\/","og_locale":"de_DE","og_type":"article","og_title":"Datenschutzerkl\u00e4rung - Hartje Media","og_description":"Videol\u00f6sungen f\u00fcr Events! LED-W\u00e4nde, Multikamera Produktion und alles was dazu geh\u00f6rt!","og_url":"https:\/\/hartje-media.com\/de\/datenschutz\/","og_site_name":"Hartje Media","article_publisher":"https:\/\/www.facebook.com\/hartjemedia","article_modified_time":"2023-04-02T18:07:14+00:00","og_image":[{"width":1200,"height":675,"url":"https:\/\/hartje-media.com\/wp-content\/uploads\/2024\/04\/Fallback.png","type":"image\/png"}],"twitter_card":"summary_large_image","twitter_misc":{"Est. reading time":"11 Minuten"},"schema":{"@context":"https:\/\/schema.org","@graph":[{"@type":"WebPage","@id":"https:\/\/hartje-media.com\/de\/datenschutz\/","url":"https:\/\/hartje-media.com\/de\/datenschutz\/","name":"Datenschutzerkl\u00e4rung - Hartje Media","isPartOf":{"@id":"https:\/\/hartje-media.com\/#website"},"datePublished":"2023-01-25T10:42:06+00:00","dateModified":"2023-04-02T18:07:14+00:00","description":"Videol\u00f6sungen f\u00fcr Events! LED-W\u00e4nde, Multikamera Produktion und alles was dazu geh\u00f6rt!","breadcrumb":{"@id":"https:\/\/hartje-media.com\/de\/datenschutz\/#breadcrumb"},"inLanguage":"de-DE","potentialAction":[{"@type":"ReadAction","target":["https:\/\/hartje-media.com\/de\/datenschutz\/"]}]},{"@type":"BreadcrumbList","@id":"https:\/\/hartje-media.com\/de\/datenschutz\/#breadcrumb","itemListElement":[{"@type":"ListItem","position":1,"name":"Home","item":"https:\/\/hartje-media.com\/de\/"},{"@type":"ListItem","position":2,"name":"Datenschutzerkl\u00e4rung"}]},{"@type":"WebSite","@id":"https:\/\/hartje-media.com\/#website","url":"https:\/\/hartje-media.com\/","name":"Hartje Media","description":"Eventvideo solutions","publisher":{"@id":"https:\/\/hartje-media.com\/#organization"},"alternateName":"Hartje","potentialAction":[{"@type":"SearchAction","target":{"@type":"EntryPoint","urlTemplate":"https:\/\/hartje-media.com\/?s={search_term_string}"},"query-input":"required name=search_term_string"}],"inLanguage":"de-DE"},{"@type":"Organization","@id":"https:\/\/hartje-media.com\/#organization","name":"Hartje Media","alternateName":"Hartje","url":"https:\/\/hartje-media.com\/","logo":{"@type":"ImageObject","inLanguage":"de-DE","@id":"https:\/\/hartje-media.com\/#\/schema\/logo\/image\/","url":"https:\/\/hartje-media.com\/wp-content\/uploads\/2024\/04\/Webseite-logo-klein.png","contentUrl":"https:\/\/hartje-media.com\/wp-content\/uploads\/2024\/04\/Webseite-logo-klein.png","width":696,"height":696,"caption":"Hartje Media"},"image":{"@id":"https:\/\/hartje-media.com\/#\/schema\/logo\/image\/"},"sameAs":["https:\/\/www.facebook.com\/hartjemedia","https:\/\/www.instagram.com\/hartje_media\/"]}]}},"_links":{"self":[{"href":"https:\/\/hartje-media.com\/de\/wp-json\/wp\/v2\/pages\/376"}],"collection":[{"href":"https:\/\/hartje-media.com\/de\/wp-json\/wp\/v2\/pages"}],"about":[{"href":"https:\/\/hartje-media.com\/de\/wp-json\/wp\/v2\/types\/page"}],"author":[{"embeddable":true,"href":"https:\/\/hartje-media.com\/de\/wp-json\/wp\/v2\/users\/1"}],"replies":[{"embeddable":true,"href":"https:\/\/hartje-media.com\/de\/wp-json\/wp\/v2\/comments?post=376"}],"version-history":[{"count":9,"href":"https:\/\/hartje-media.com\/de\/wp-json\/wp\/v2\/pages\/376\/revisions"}],"predecessor-version":[{"id":635,"href":"https:\/\/hartje-media.com\/de\/wp-json\/wp\/v2\/pages\/376\/revisions\/635"}],"wp:attachment":[{"href":"https:\/\/hartje-media.com\/de\/wp-json\/wp\/v2\/media?parent=376"}],"curies":[{"name":"wp","href":"https:\/\/api.w.org\/{rel}","templated":true}]}}