{"id":280,"date":"2023-01-24T16:01:18","date_gmt":"2023-01-24T16:01:18","guid":{"rendered":"https:\/\/hartje-media.com\/?page_id=280"},"modified":"2025-09-16T09:46:25","modified_gmt":"2025-09-16T09:46:25","slug":"unsere-leistungen","status":"publish","type":"page","link":"https:\/\/hartje-media.com\/de\/unsere-leistungen\/","title":{"rendered":"Unsere Leistungen"},"content":{"rendered":"<div  class=\"tatsu-fx7jhpb5kf1dy8zb tatsu-section    tatsu-clearfix\" data-title=\"\"  data-headerscheme=\"background--dark\"><div class='tatsu-section-pad clearfix' data-padding='{\"d\":\"250px 0px 114px 0px\"}' data-padding-top='250px'><div class=\"tatsu-row-wrap  tatsu-wrap tatsu-row-one-col tatsu-row-has-one-cols tatsu-medium-gutter tatsu-reg-cols  tatsu-clearfix tatsu-fx7jhpb5qa2mirnp\" ><div  class=\"tatsu-row \" ><div  class=\"tatsu-column  tatsu-column-no-bg tatsu-one-col tatsu-column-image-none tatsu-column-effect-none  tatsu-fx7jhpb5xe5htdh5\"  data-parallax-speed=\"0\" style=\"\"><div class=\"tatsu-column-inner \" ><div class=\"tatsu-column-pad-wrap\"><div class=\"tatsu-column-pad\" ><div  class=\"tatsu-module tatsu-inline-text clearfix tatsu-haf8s3poef9dx165   tatsu-animate\" data-animation=\"fadeIn\"  data-animation-duration=\"1000\"><style>.tatsu-haf8s3poef9dx165 .tatsu-inline-text-inner{width: 100%;text-align: left;}@media only screen and (max-width: 767px) {.tatsu-haf8s3poef9dx165.tatsu-inline-text .tatsu-inline-text-inner *{text-transform : none;line-height : 50px;}}<\/style><div class=\"tatsu-inline-text-inner tatsu-align-center\">\n<h1 style=\"text-align: center;\"><span style=\"color: #fffefe;\">Unsere Leistungen<\/span><\/h1>\n<\/div><\/div><div  class=\"tatsu-module tatsu-inline-text clearfix tatsu-BJWgaEK6X   tatsu-animate\" data-animation=\"fadeIn\" data-animation-delay=\"150\" data-animation-duration=\"1000\"><style>.tatsu-BJWgaEK6X .tatsu-inline-text-inner{width: 100%;text-align: left;}<\/style><div class=\"tatsu-inline-text-inner tatsu-align-center\">\n<p style=\"text-align: center;\"><span style=\"color: #ffffff;\"><span style=\"color: #ffffff;\">Unsere Leidenschaft f\u00fcr Film und Video verwandelt Ihre Momente in unvergessliche Kunstwerke. Mit einem dynamischen Team bieten wir ma\u00dfgeschneiderte L\u00f6sungen, die genau auf Ihre Bed\u00fcrfnisse zugeschnitten sind. Wir setzen Ihre Visionen mit Sorgfalt und Kreativit\u00e4t um, um ein beeindruckendes visuelles Ergebnis zu erzielen.<\/span><\/span><\/p>\n<\/div><\/div><div class=\"oshine-module oshine-am-fh display-block  tatsu-H1kWD9pso\"><style>@media only screen and (max-width: 767px) {.tatsu-H1kWD9pso .animate-icon-module-style1-wrap{height: 500px;}}<\/style><div class=\"animate-icon-module-style1-wrap-container\"><div class=\"animate-icon-module-style1-wrap clearfix\" data-gutter-width=\"\"><a  href=\"https:\/\/hartje-media.com\/de\/kontakt\" class=\"animate-icon-module-style1 be-bg-cover animate-icon-module ai-has-overlay top-animate tatsu-HJeJbP5aos   \" ><style>.tatsu-HJeJbP5aos .font-icon{font-size: 30px;color: #ffffff ;}.tatsu-HJeJbP5aos .title_content{color: #ffffff ;}.tatsu-HJeJbP5aos{background-image: url(https:\/\/hartje-media.com\/wp-content\/uploads\/2025\/09\/5efb8af7-14d4-40ac-a177-7078c395e974-e1758014910211.jpg);background-color: #d6d6d6;}.tatsu-HJeJbP5aos .ai-overlay{background-color: rgba(0,0,0,0.3);}.tatsu-HJeJbP5aos:hover .ai-overlay{background-color: rgba(0,0,0,0.5);}<\/style><div class=\"animate-icon-module-normal-content\"><div class=\"display-table\"><div class=\"display-table-cell vertical-align-middle\"><i class=\"font-icon \" ><\/i><H6  class=\"title_content\" >Multi-Kamera Live produktionen<\/H6><\/div><\/div><\/div><div class=\"animate-icon-module-hover-content\"><div class=\"display-table\"><div class=\"display-table-cell vertical-align-middle\">\n<p><span style=\"color: #ffffff;\">Wir haben uns auf Live-Produktionen mit mehreren Kameras spezialisiert, die die Spannung von Veranstaltungen wie Sportturnieren und Musikkonzerten verst\u00e4rken. Unser Expertenteam inszeniert akribisch jeden Winkel, um die dynamische Energie und die mitrei\u00dfende Atmosph\u00e4re einzufangen und ein unvergessliches Zuschauererlebnis zu gew\u00e4hrleisten.<\/span><\/p>\n<\/div><\/div><\/div><div class=\"ai-overlay\" ><\/div><\/a><a  href=\"https:\/\/hartje-media.com\/de\/kontakt\" class=\"animate-icon-module-style1 be-bg-cover animate-icon-module ai-has-overlay top-animate tatsu-HyWyZv96os   \" ><style>.tatsu-HyWyZv96os .font-icon{font-size: 30px;color: #ffffff ;}.tatsu-HyWyZv96os .title_content{color: #ffffff ;}.tatsu-HyWyZv96os{background-image: url(https:\/\/hartje-media.com\/wp-content\/uploads\/2025\/09\/workplace-of-designer-with-computers-on-table-2025-03-13-06-20-02-utc-scaled.jpg);background-color: #d6d6d6;}.tatsu-HyWyZv96os .ai-overlay{background-color: rgba(0,0,0,0.3);}.tatsu-HyWyZv96os:hover .ai-overlay{background-color: rgba(0,0,0,0.5);}<\/style><div class=\"animate-icon-module-normal-content\"><div class=\"display-table\"><div class=\"display-table-cell vertical-align-middle\"><i class=\"font-icon \" ><\/i><H6  class=\"title_content\" >YouTube-Kanal Betreuung<\/H6><\/div><\/div><\/div><div class=\"animate-icon-module-hover-content\"><div class=\"display-table\"><div class=\"display-table-cell vertical-align-middle\">\n<p><span style=\"color: #ffffff;\">Wir betreuen Ihren YouTube-Kanal ganzheitlich \u2013 von der Strategie \u00fcber die Content-Produktion bis zur Reichweitenoptimierung. Mit kreativen Ideen, professionellen Videos und zielgerichtetem Kanalmanagement sorgen wir daf\u00fcr, dass Ihre Inhalte nicht nur gesehen, sondern auch geliebt werden.<\/span><\/p>\n<\/div><\/div><\/div><div class=\"ai-overlay\" ><\/div><\/a><\/div><\/div><\/div><div class=\"oshine-module oshine-am-fh display-block  tatsu-SyD2mn6so\"><style>@media only screen and (max-width: 767px) {.tatsu-SyD2mn6so .animate-icon-module-style1-wrap{height: 500px;}}<\/style><div class=\"animate-icon-module-style1-wrap-container\"><div class=\"animate-icon-module-style1-wrap clearfix\" data-gutter-width=\"\"><a  href=\"https:\/\/hartje-media.com\/de\/kontakt\" class=\"animate-icon-module-style1 be-bg-cover animate-icon-module ai-has-overlay top-animate tatsu-S1eP2m36ss   \" ><style>.tatsu-S1eP2m36ss .font-icon{font-size: 30px;color: #ffffff ;}.tatsu-S1eP2m36ss .title_content{color: #ffffff ;}.tatsu-S1eP2m36ss{background-image: url(https:\/\/hartje-media.com\/wp-content\/uploads\/2023\/05\/HartjeMedia-Leistungen-Hochzeitsfilme.jpg);background-color: #d6d6d6;}.tatsu-S1eP2m36ss .ai-overlay{background-color: rgba(0,0,0,0.3);}.tatsu-S1eP2m36ss:hover .ai-overlay{background-color: rgba(0,0,0,0.5);}<\/style><div class=\"animate-icon-module-normal-content\"><div class=\"display-table\"><div class=\"display-table-cell vertical-align-middle\"><i class=\"font-icon \" ><\/i><H6  class=\"title_content\" >Hochzeitsfilme<\/H6><\/div><\/div><\/div><div class=\"animate-icon-module-hover-content\"><div class=\"display-table\"><div class=\"display-table-cell vertical-align-middle\">\n<p><span style=\"color: #ffffff;\">Wir schaffen unvergessliche Erinnerungen an Ihrem besonderen Tag. Wir verstehen, dass einmalige Ereignisse ein eigenes Kunstwerk verdienen und halten Ihre Hochzeit auf eine einzigartige und authentische Art und Weise fest. Unsere Hochzeitsfilme sind frei von gestellten Szenen und legen ein besonderes Augenmerk auf Echtheit, damit Sie immer wieder auf diesen besonderen Tag zur\u00fcckblicken k\u00f6nnen.\u00a0<\/span><\/p>\n<\/div><\/div><\/div><div class=\"ai-overlay\" ><\/div><\/a><a  href=\"https:\/\/hartje-media.com\/de\/kontakt\" class=\"animate-icon-module-style1 be-bg-cover animate-icon-module ai-has-overlay top-animate tatsu-rJWwhm36ji   \" ><style>.tatsu-rJWwhm36ji .font-icon{font-size: 30px;color: #ffffff ;}.tatsu-rJWwhm36ji .title_content{color: #ffffff ;}.tatsu-rJWwhm36ji{background-image: url(https:\/\/hartje-media.com\/wp-content\/uploads\/2023\/05\/HartjeMedia-Leistungen-ImageFilme.jpg);background-color: #d6d6d6;}.tatsu-rJWwhm36ji .ai-overlay{background-color: rgba(0,0,0,0.3);}.tatsu-rJWwhm36ji:hover .ai-overlay{background-color: rgba(0,0,0,0.5);}<\/style><div class=\"animate-icon-module-normal-content\"><div class=\"display-table\"><div class=\"display-table-cell vertical-align-middle\"><i class=\"font-icon \" ><\/i><H6  class=\"title_content\" >Imagefilme<\/H6><\/div><\/div><\/div><div class=\"animate-icon-module-hover-content\"><div class=\"display-table\"><div class=\"display-table-cell vertical-align-middle\">\n<p><span style=\"color: #ffffff;\">Unser Ziel ist es, Ihre Geschichte eindrucksvoll zu erz\u00e4hlen und Ihre Zuschauer auf eine faszinierende Reise mitzunehmen. Ob es darum geht, die Werte und Philosophie Ihres Unternehmens zu vermitteln oder die Menschen hinter Ihrer Marke in den Mittelpunkt zu stellen &#8211; wir bringen Ihre Botschaft auf den Punkt und machen sie erlebbar.<\/span><\/p>\n<\/div><\/div><\/div><div class=\"ai-overlay\" ><\/div><\/a><\/div><\/div><\/div><\/div><\/div><div class = \"tatsu-column-bg-image-wrap\"><div class = \"tatsu-column-bg-image\" ><\/div><\/div><\/div><style>.tatsu-row > .tatsu-fx7jhpb5xe5htdh5.tatsu-column{width: 100%;}.tatsu-fx7jhpb5xe5htdh5.tatsu-column > .tatsu-column-inner > .tatsu-column-overlay{mix-blend-mode: none;}.tatsu-fx7jhpb5xe5htdh5 > .tatsu-column-inner > .tatsu-top-divider{z-index: 9999;}.tatsu-fx7jhpb5xe5htdh5 > .tatsu-column-inner > .tatsu-bottom-divider{z-index: 9999;}.tatsu-fx7jhpb5xe5htdh5 > .tatsu-column-inner > .tatsu-left-divider{z-index: 9999;}.tatsu-fx7jhpb5xe5htdh5 > .tatsu-column-inner > .tatsu-right-divider{z-index: 9999;}@media only screen and (max-width:1377px) {.tatsu-row > .tatsu-fx7jhpb5xe5htdh5.tatsu-column{width: 100%;}}@media only screen and (min-width:768px) and (max-width: 1024px) {.tatsu-row > .tatsu-fx7jhpb5xe5htdh5.tatsu-column{width: 100%;}}@media only screen and (max-width: 767px) {.tatsu-row > .tatsu-fx7jhpb5xe5htdh5.tatsu-column{width: 100%;}}<\/style><\/div><\/div><\/div><\/div><div class=\"tatsu-section-background-wrap\"><div class = \"tatsu-section-background\" ><\/div><\/div><style>.tatsu-fx7jhpb5kf1dy8zb.tatsu-section{background-color: rgba(39,39,39,1);}.tatsu-fx7jhpb5kf1dy8zb .tatsu-section-pad{padding: 250px 0px 114px 0px;}.tatsu-fx7jhpb5kf1dy8zb > .tatsu-bottom-divider{z-index: 9999;}.tatsu-fx7jhpb5kf1dy8zb > .tatsu-top-divider{z-index: 9999;}<\/style><\/div>\n","protected":false},"excerpt":{"rendered":"<p><a href=\"https:\/\/hartje-media.com\/de\/unsere-leistungen\/\" class=\"more-link style1-button\">Weiterlesen<\/a><\/p>","protected":false},"author":1,"featured_media":0,"parent":0,"menu_order":0,"comment_status":"closed","ping_status":"closed","template":"","meta":[],"acf":[],"yoast_head":"<!-- This site is optimized with the Yoast SEO plugin v21.1 - https:\/\/yoast.com\/wordpress\/plugins\/seo\/ -->\n<title>Unsere Leistungen - Hartje Media<\/title>\n<meta name=\"description\" content=\"Videol\u00f6sungen f\u00fcr Events! LED-W\u00e4nde, Multikamera Produktion und alles was dazu geh\u00f6rt!\" \/>\n<meta name=\"robots\" content=\"index, follow, max-snippet:-1, max-image-preview:large, max-video-preview:-1\" \/>\n<link rel=\"canonical\" href=\"https:\/\/hartje-media.com\/de\/unsere-leistungen\/\" \/>\n<meta property=\"og:locale\" content=\"de_DE\" \/>\n<meta property=\"og:type\" content=\"article\" \/>\n<meta property=\"og:title\" content=\"Unsere Leistungen - Hartje Media\" \/>\n<meta property=\"og:description\" content=\"Videol\u00f6sungen f\u00fcr Events! LED-W\u00e4nde, Multikamera Produktion und alles was dazu geh\u00f6rt!\" \/>\n<meta property=\"og:url\" content=\"https:\/\/hartje-media.com\/de\/unsere-leistungen\/\" \/>\n<meta property=\"og:site_name\" content=\"Hartje Media\" \/>\n<meta property=\"article:publisher\" content=\"https:\/\/www.facebook.com\/hartjemedia\" \/>\n<meta property=\"article:modified_time\" content=\"2025-09-16T09:46:25+00:00\" \/>\n<meta property=\"og:image\" content=\"https:\/\/hartje-media.com\/wp-content\/uploads\/2024\/04\/Fallback.png\" \/>\n\t<meta property=\"og:image:width\" content=\"1200\" \/>\n\t<meta property=\"og:image:height\" content=\"675\" \/>\n\t<meta property=\"og:image:type\" content=\"image\/png\" \/>\n<meta name=\"twitter:card\" content=\"summary_large_image\" \/>\n<meta name=\"twitter:label1\" content=\"Est. reading time\" \/>\n\t<meta name=\"twitter:data1\" content=\"7 Minuten\" \/>\n<script type=\"application\/ld+json\" class=\"yoast-schema-graph\">{\"@context\":\"https:\/\/schema.org\",\"@graph\":[{\"@type\":\"WebPage\",\"@id\":\"https:\/\/hartje-media.com\/de\/unsere-leistungen\/\",\"url\":\"https:\/\/hartje-media.com\/de\/unsere-leistungen\/\",\"name\":\"Unsere Leistungen - Hartje Media\",\"isPartOf\":{\"@id\":\"https:\/\/hartje-media.com\/#website\"},\"datePublished\":\"2023-01-24T16:01:18+00:00\",\"dateModified\":\"2025-09-16T09:46:25+00:00\",\"description\":\"Videol\u00f6sungen f\u00fcr Events! LED-W\u00e4nde, Multikamera Produktion und alles was dazu geh\u00f6rt!\",\"breadcrumb\":{\"@id\":\"https:\/\/hartje-media.com\/de\/unsere-leistungen\/#breadcrumb\"},\"inLanguage\":\"de-DE\",\"potentialAction\":[{\"@type\":\"ReadAction\",\"target\":[\"https:\/\/hartje-media.com\/de\/unsere-leistungen\/\"]}]},{\"@type\":\"BreadcrumbList\",\"@id\":\"https:\/\/hartje-media.com\/de\/unsere-leistungen\/#breadcrumb\",\"itemListElement\":[{\"@type\":\"ListItem\",\"position\":1,\"name\":\"Home\",\"item\":\"https:\/\/hartje-media.com\/de\/\"},{\"@type\":\"ListItem\",\"position\":2,\"name\":\"Unsere Leistungen\"}]},{\"@type\":\"WebSite\",\"@id\":\"https:\/\/hartje-media.com\/#website\",\"url\":\"https:\/\/hartje-media.com\/\",\"name\":\"Hartje Media\",\"description\":\"Eventvideo solutions\",\"publisher\":{\"@id\":\"https:\/\/hartje-media.com\/#organization\"},\"alternateName\":\"Hartje\",\"potentialAction\":[{\"@type\":\"SearchAction\",\"target\":{\"@type\":\"EntryPoint\",\"urlTemplate\":\"https:\/\/hartje-media.com\/?s={search_term_string}\"},\"query-input\":\"required name=search_term_string\"}],\"inLanguage\":\"de-DE\"},{\"@type\":\"Organization\",\"@id\":\"https:\/\/hartje-media.com\/#organization\",\"name\":\"Hartje Media\",\"alternateName\":\"Hartje\",\"url\":\"https:\/\/hartje-media.com\/\",\"logo\":{\"@type\":\"ImageObject\",\"inLanguage\":\"de-DE\",\"@id\":\"https:\/\/hartje-media.com\/#\/schema\/logo\/image\/\",\"url\":\"https:\/\/hartje-media.com\/wp-content\/uploads\/2024\/04\/Webseite-logo-klein.png\",\"contentUrl\":\"https:\/\/hartje-media.com\/wp-content\/uploads\/2024\/04\/Webseite-logo-klein.png\",\"width\":696,\"height\":696,\"caption\":\"Hartje Media\"},\"image\":{\"@id\":\"https:\/\/hartje-media.com\/#\/schema\/logo\/image\/\"},\"sameAs\":[\"https:\/\/www.facebook.com\/hartjemedia\",\"https:\/\/www.instagram.com\/hartje_media\/\"]}]}<\/script>\n<!-- \/ Yoast SEO plugin. -->","yoast_head_json":{"title":"Unsere Leistungen - Hartje Media","description":"Videol\u00f6sungen f\u00fcr Events! LED-W\u00e4nde, Multikamera Produktion und alles was dazu geh\u00f6rt!","robots":{"index":"index","follow":"follow","max-snippet":"max-snippet:-1","max-image-preview":"max-image-preview:large","max-video-preview":"max-video-preview:-1"},"canonical":"https:\/\/hartje-media.com\/de\/unsere-leistungen\/","og_locale":"de_DE","og_type":"article","og_title":"Unsere Leistungen - Hartje Media","og_description":"Videol\u00f6sungen f\u00fcr Events! LED-W\u00e4nde, Multikamera Produktion und alles was dazu geh\u00f6rt!","og_url":"https:\/\/hartje-media.com\/de\/unsere-leistungen\/","og_site_name":"Hartje Media","article_publisher":"https:\/\/www.facebook.com\/hartjemedia","article_modified_time":"2025-09-16T09:46:25+00:00","og_image":[{"width":1200,"height":675,"url":"https:\/\/hartje-media.com\/wp-content\/uploads\/2024\/04\/Fallback.png","type":"image\/png"}],"twitter_card":"summary_large_image","twitter_misc":{"Est. reading time":"7 Minuten"},"schema":{"@context":"https:\/\/schema.org","@graph":[{"@type":"WebPage","@id":"https:\/\/hartje-media.com\/de\/unsere-leistungen\/","url":"https:\/\/hartje-media.com\/de\/unsere-leistungen\/","name":"Unsere Leistungen - Hartje Media","isPartOf":{"@id":"https:\/\/hartje-media.com\/#website"},"datePublished":"2023-01-24T16:01:18+00:00","dateModified":"2025-09-16T09:46:25+00:00","description":"Videol\u00f6sungen f\u00fcr Events! LED-W\u00e4nde, Multikamera Produktion und alles was dazu geh\u00f6rt!","breadcrumb":{"@id":"https:\/\/hartje-media.com\/de\/unsere-leistungen\/#breadcrumb"},"inLanguage":"de-DE","potentialAction":[{"@type":"ReadAction","target":["https:\/\/hartje-media.com\/de\/unsere-leistungen\/"]}]},{"@type":"BreadcrumbList","@id":"https:\/\/hartje-media.com\/de\/unsere-leistungen\/#breadcrumb","itemListElement":[{"@type":"ListItem","position":1,"name":"Home","item":"https:\/\/hartje-media.com\/de\/"},{"@type":"ListItem","position":2,"name":"Unsere Leistungen"}]},{"@type":"WebSite","@id":"https:\/\/hartje-media.com\/#website","url":"https:\/\/hartje-media.com\/","name":"Hartje Media","description":"Eventvideo solutions","publisher":{"@id":"https:\/\/hartje-media.com\/#organization"},"alternateName":"Hartje","potentialAction":[{"@type":"SearchAction","target":{"@type":"EntryPoint","urlTemplate":"https:\/\/hartje-media.com\/?s={search_term_string}"},"query-input":"required name=search_term_string"}],"inLanguage":"de-DE"},{"@type":"Organization","@id":"https:\/\/hartje-media.com\/#organization","name":"Hartje Media","alternateName":"Hartje","url":"https:\/\/hartje-media.com\/","logo":{"@type":"ImageObject","inLanguage":"de-DE","@id":"https:\/\/hartje-media.com\/#\/schema\/logo\/image\/","url":"https:\/\/hartje-media.com\/wp-content\/uploads\/2024\/04\/Webseite-logo-klein.png","contentUrl":"https:\/\/hartje-media.com\/wp-content\/uploads\/2024\/04\/Webseite-logo-klein.png","width":696,"height":696,"caption":"Hartje Media"},"image":{"@id":"https:\/\/hartje-media.com\/#\/schema\/logo\/image\/"},"sameAs":["https:\/\/www.facebook.com\/hartjemedia","https:\/\/www.instagram.com\/hartje_media\/"]}]}},"_links":{"self":[{"href":"https:\/\/hartje-media.com\/de\/wp-json\/wp\/v2\/pages\/280"}],"collection":[{"href":"https:\/\/hartje-media.com\/de\/wp-json\/wp\/v2\/pages"}],"about":[{"href":"https:\/\/hartje-media.com\/de\/wp-json\/wp\/v2\/types\/page"}],"author":[{"embeddable":true,"href":"https:\/\/hartje-media.com\/de\/wp-json\/wp\/v2\/users\/1"}],"replies":[{"embeddable":true,"href":"https:\/\/hartje-media.com\/de\/wp-json\/wp\/v2\/comments?post=280"}],"version-history":[{"count":10,"href":"https:\/\/hartje-media.com\/de\/wp-json\/wp\/v2\/pages\/280\/revisions"}],"predecessor-version":[{"id":1212,"href":"https:\/\/hartje-media.com\/de\/wp-json\/wp\/v2\/pages\/280\/revisions\/1212"}],"wp:attachment":[{"href":"https:\/\/hartje-media.com\/de\/wp-json\/wp\/v2\/media?parent=280"}],"curies":[{"name":"wp","href":"https:\/\/api.w.org\/{rel}","templated":true}]}}